{"id":249013,"date":"2024-04-18T13:03:30","date_gmt":"2024-04-18T12:03:30","guid":{"rendered":"https:\/\/kustomshop.kinsta.cloud\/?post_type=product&#038;p=249013"},"modified":"2025-11-28T20:41:40","modified_gmt":"2025-11-28T19:41:40","slug":"armsleeve","status":"publish","type":"product","link":"https:\/\/shop.kustom.ch\/fr\/produit\/armsleeve\/","title":{"rendered":"Manchon de bras"},"content":{"rendered":"<p>Des manches longues faciles et rapides pour ton maillot ou ton t-shirt de course.<\/p>\n<p>Mati\u00e8re \u00e9vacuant l'humidit\u00e9<\/p>\n<p>Coupe ajust\u00e9e<\/p>\n<p>Poignets \u00e9lastiques<\/p>\n<p>Coutures plates pour un confort sans frottement<\/p>\n<p>Logo r\u00e9fl\u00e9chissant<\/p>\n<p>Imprimable individuellement<\/p>\n<p>Mati\u00e8re : 95% polyamide, 3% caoutchouc, 2% \u00e9lasthanne<\/p>","protected":false},"excerpt":{"rendered":"<p>noir<\/p>","protected":false},"featured_media":133016,"template":"","meta":[],"product_brand":[],"product_cat":[6388],"product_tag":[],"class_list":{"0":"post-249013","1":"product","2":"type-product","3":"status-publish","4":"has-post-thumbnail","6":"product_cat-vbc-arbon","8":"first","9":"instock","10":"taxable","11":"shipping-taxable","12":"purchasable","13":"product-type-variable","14":"add-to-wishlist-before_image"},"exclude_global_add_ons":[],"addons":[],"acf":[],"_links":{"self":[{"href":"https:\/\/shop.kustom.ch\/fr\/wp-json\/wp\/v2\/product\/249013"}],"collection":[{"href":"https:\/\/shop.kustom.ch\/fr\/wp-json\/wp\/v2\/product"}],"about":[{"href":"https:\/\/shop.kustom.ch\/fr\/wp-json\/wp\/v2\/types\/product"}],"wp:featuredmedia":[{"embeddable":true,"href":"https:\/\/shop.kustom.ch\/fr\/wp-json\/wp\/v2\/media\/133016"}],"wp:attachment":[{"href":"https:\/\/shop.kustom.ch\/fr\/wp-json\/wp\/v2\/media?parent=249013"}],"wp:term":[{"taxonomy":"product_brand","embeddable":true,"href":"https:\/\/shop.kustom.ch\/fr\/wp-json\/wp\/v2\/product_brand?post=249013"},{"taxonomy":"product_cat","embeddable":true,"href":"https:\/\/shop.kustom.ch\/fr\/wp-json\/wp\/v2\/product_cat?post=249013"},{"taxonomy":"product_tag","embeddable":true,"href":"https:\/\/shop.kustom.ch\/fr\/wp-json\/wp\/v2\/product_tag?post=249013"}],"curies":[{"name":"wp","href":"https:\/\/api.w.org\/{rel}","templated":true}]}}