{"id":247401,"date":"2024-04-06T09:04:02","date_gmt":"2024-04-06T08:04:02","guid":{"rendered":"https:\/\/kustomshop.kinsta.cloud\/?post_type=product&#038;p=247401"},"modified":"2026-03-27T14:23:20","modified_gmt":"2026-03-27T13:23:20","slug":"core-soul-zip-sweatpants-w","status":"publish","type":"product","link":"https:\/\/shop.kustom.ch\/fr\/produit\/core-soul-zip-sweatpants-w\/","title":{"rendered":"CORE Soul Zip Sweatpants W"},"content":{"rendered":"<p>Sweatpants d\u00e9contract\u00e9s fabriqu\u00e9s dans une mati\u00e8re agr\u00e9ablement douce pour un maximum de confort. Les fermetures \u00e0 glissi\u00e8re au bas des jambes facilitent l'habillage et le d\u00e9shabillage. <\/p>\n<p>- Mat\u00e9riau agr\u00e9ablement doux<br \/>\n- Bas des jambes avec fermeture \u00e0 glissi\u00e8re pour un habillage et un d\u00e9shabillage faciles<br \/>\n- Deux poches avant avec fermeture \u00e9clair<\/p>\n<p>Mati\u00e8re : 48% coton 47% polyester 5%Elasthanne<\/p>","protected":false},"excerpt":{"rendered":"<p>L\u00e4ssige Sweatpants aus einem angenehm weichen Material f\u00fcr maximalen Tragekomfort. Reissverschl\u00fcsse an den Beinabschl\u00fcssen erleichtern das An- und Ausziehen. \u2022 Angenehm weiches Material \u2022 Beinabschl\u00fcsse mit Reissverschluss f\u00fcr leichtes An- und Ausziehen \u2022 Zwei Taschen vorne mit Reissverschluss Material: 48% Baumwolle 47% Polyester 5%Elasthan<\/p>","protected":false},"featured_media":247420,"template":"","meta":[],"product_brand":[],"product_cat":[4185],"product_tag":[],"class_list":{"0":"post-247401","1":"product","2":"type-product","3":"status-publish","4":"has-post-thumbnail","6":"product_cat-hosen","7":"pa_brand-craft-retail-sportswear","8":"pa_brand-type-sportswear","9":"pa_filter-color-blau","10":"pa_filter-color-grau","11":"pa_filter-color-schwarz","13":"first","14":"instock","15":"sale","16":"taxable","17":"shipping-taxable","18":"purchasable","19":"product-type-variable","20":"add-to-wishlist-before_image"},"exclude_global_add_ons":[],"addons":[],"acf":[],"_links":{"self":[{"href":"https:\/\/shop.kustom.ch\/fr\/wp-json\/wp\/v2\/product\/247401"}],"collection":[{"href":"https:\/\/shop.kustom.ch\/fr\/wp-json\/wp\/v2\/product"}],"about":[{"href":"https:\/\/shop.kustom.ch\/fr\/wp-json\/wp\/v2\/types\/product"}],"wp:featuredmedia":[{"embeddable":true,"href":"https:\/\/shop.kustom.ch\/fr\/wp-json\/wp\/v2\/media\/247420"}],"wp:attachment":[{"href":"https:\/\/shop.kustom.ch\/fr\/wp-json\/wp\/v2\/media?parent=247401"}],"wp:term":[{"taxonomy":"product_brand","embeddable":true,"href":"https:\/\/shop.kustom.ch\/fr\/wp-json\/wp\/v2\/product_brand?post=247401"},{"taxonomy":"product_cat","embeddable":true,"href":"https:\/\/shop.kustom.ch\/fr\/wp-json\/wp\/v2\/product_cat?post=247401"},{"taxonomy":"product_tag","embeddable":true,"href":"https:\/\/shop.kustom.ch\/fr\/wp-json\/wp\/v2\/product_tag?post=247401"}],"curies":[{"name":"wp","href":"https:\/\/api.w.org\/{rel}","templated":true}]}}