{"id":247370,"date":"2024-04-06T09:02:46","date_gmt":"2024-04-06T08:02:46","guid":{"rendered":"https:\/\/kustomshop.kinsta.cloud\/?post_type=product&#038;p=247370"},"modified":"2026-03-27T14:29:33","modified_gmt":"2026-03-27T13:29:33","slug":"adv-endur-solid-shorts-m","status":"publish","type":"product","link":"https:\/\/shop.kustom.ch\/fr\/produit\/adv-endur-solid-shorts-m\/","title":{"rendered":"Short solide Adv Endur M"},"content":{"rendered":"<p>Short pour cyclistes avanc\u00e9s en mati\u00e8re stretch Lycra\u00ae Sport Energy r\u00e9sistante pour le cyclisme intensif. Doublure en mesh \u00e0 la taille, rev\u00eatement antid\u00e9rapant en silicone aux extr\u00e9mit\u00e9s des jambes et pad C2 pour un grand confort.<\/p>\n<p>Mat\u00e9riau : Back : 100% polyur\u00e9thane<\/p>","protected":false},"excerpt":{"rendered":"<p>Shorts f\u00fcr Fortgeschrittene aus strapazierf\u00e4higem Lycra\u00ae Sport Energy Stretchmaterial f\u00fcr intensives Radfahren. Mesh-Futter im Bund, rutschfeste Silikonbeschichtung an den Beinenden und C2 Pad f\u00fcr hohen Komfort. Material: Back: 100% Polyurethane<\/p>","protected":false},"featured_media":247400,"template":"","meta":[],"product_brand":[],"product_cat":[4198],"product_tag":[],"class_list":{"0":"post-247370","1":"product","2":"type-product","3":"status-publish","4":"has-post-thumbnail","6":"product_cat-shorts","7":"pa_brand-craft-retail-sportswear","8":"pa_brand-type-sportswear","9":"pa_filter-color-schwarz","11":"first","12":"outofstock","13":"sale","14":"taxable","15":"shipping-taxable","16":"purchasable","17":"product-type-variable","18":"add-to-wishlist-before_image"},"exclude_global_add_ons":[],"addons":[],"acf":[],"_links":{"self":[{"href":"https:\/\/shop.kustom.ch\/fr\/wp-json\/wp\/v2\/product\/247370"}],"collection":[{"href":"https:\/\/shop.kustom.ch\/fr\/wp-json\/wp\/v2\/product"}],"about":[{"href":"https:\/\/shop.kustom.ch\/fr\/wp-json\/wp\/v2\/types\/product"}],"wp:featuredmedia":[{"embeddable":true,"href":"https:\/\/shop.kustom.ch\/fr\/wp-json\/wp\/v2\/media\/247400"}],"wp:attachment":[{"href":"https:\/\/shop.kustom.ch\/fr\/wp-json\/wp\/v2\/media?parent=247370"}],"wp:term":[{"taxonomy":"product_brand","embeddable":true,"href":"https:\/\/shop.kustom.ch\/fr\/wp-json\/wp\/v2\/product_brand?post=247370"},{"taxonomy":"product_cat","embeddable":true,"href":"https:\/\/shop.kustom.ch\/fr\/wp-json\/wp\/v2\/product_cat?post=247370"},{"taxonomy":"product_tag","embeddable":true,"href":"https:\/\/shop.kustom.ch\/fr\/wp-json\/wp\/v2\/product_tag?post=247370"}],"curies":[{"name":"wp","href":"https:\/\/api.w.org\/{rel}","templated":true}]}}