{"id":247337,"date":"2024-04-06T09:01:25","date_gmt":"2024-04-06T08:01:25","guid":{"rendered":"https:\/\/kustomshop.kinsta.cloud\/?post_type=product&#038;p=247337"},"modified":"2026-03-27T13:15:20","modified_gmt":"2026-03-27T12:15:20","slug":"training-bra-classic","status":"publish","type":"product","link":"https:\/\/shop.kustom.ch\/fr\/produit\/training-bra-classic\/","title":{"rendered":"Soutien-gorge d'entra\u00eenement Classic"},"content":{"rendered":"<p>Soutien-gorge de sport polyvalent et tr\u00e8s fonctionnel, bande de poitrine \u00e9lastique en \u00e9ponge et coupe ajust\u00e9e pour un entra\u00eenement d'intensit\u00e9 mod\u00e9r\u00e9e \u00e0 moyenne.<br \/>\n- Coupe ajust\u00e9e pour un entra\u00eenement d'intensit\u00e9 mod\u00e9r\u00e9e \u00e0 moyenne<br \/>\n- Mati\u00e8re \u00e9vacuant l'humidit\u00e9 pour un confort maximal<br \/>\n- Bande de poitrine en tissu \u00e9ponge \u00e9lastique pour une absorption optimale de la transpiration et un ajustement parfait<\/p>\n<p>Mati\u00e8re : 85% polyester recycl\u00e9 15% \u00e9lasthanne<\/p>","protected":false},"excerpt":{"rendered":"<p>Vielseitiger Sport-BH mit hoher Funktionalit\u00e4t, elastisches Frottee-Brustband und enge Passform f\u00fcr gem\u00e4ssigtes bis mittelintensives Training. \u2022 Enge Passform f\u00fcr gem\u00e4ssigtes bis mittelintensives Training \u2022 Feuchtigkeitstransportierendes Material f\u00fcr h\u00f6chsten Komfort \u2022 Elastisches Frottee-Brustband f\u00fcr eine optimale Schweissabsorption und perfekten Sitz Material: 85% Polyester Recyled 15% Elasthan<\/p>","protected":false},"featured_media":247379,"template":"","meta":[],"product_brand":[],"product_cat":[4206],"product_tag":[],"class_list":{"0":"post-247337","1":"product","2":"type-product","3":"status-publish","4":"has-post-thumbnail","6":"product_cat-underwear","7":"pa_brand-craft-retail-sportswear","8":"pa_brand-type-sportswear","9":"pa_filter-color-schwarz","10":"pa_filter-color-violet","11":"pa_filter-color-weiss","13":"first","14":"instock","15":"sale","16":"taxable","17":"shipping-taxable","18":"purchasable","19":"product-type-variable","20":"add-to-wishlist-before_image"},"exclude_global_add_ons":[],"addons":[],"acf":[],"_links":{"self":[{"href":"https:\/\/shop.kustom.ch\/fr\/wp-json\/wp\/v2\/product\/247337"}],"collection":[{"href":"https:\/\/shop.kustom.ch\/fr\/wp-json\/wp\/v2\/product"}],"about":[{"href":"https:\/\/shop.kustom.ch\/fr\/wp-json\/wp\/v2\/types\/product"}],"wp:featuredmedia":[{"embeddable":true,"href":"https:\/\/shop.kustom.ch\/fr\/wp-json\/wp\/v2\/media\/247379"}],"wp:attachment":[{"href":"https:\/\/shop.kustom.ch\/fr\/wp-json\/wp\/v2\/media?parent=247337"}],"wp:term":[{"taxonomy":"product_brand","embeddable":true,"href":"https:\/\/shop.kustom.ch\/fr\/wp-json\/wp\/v2\/product_brand?post=247337"},{"taxonomy":"product_cat","embeddable":true,"href":"https:\/\/shop.kustom.ch\/fr\/wp-json\/wp\/v2\/product_cat?post=247337"},{"taxonomy":"product_tag","embeddable":true,"href":"https:\/\/shop.kustom.ch\/fr\/wp-json\/wp\/v2\/product_tag?post=247337"}],"curies":[{"name":"wp","href":"https:\/\/api.w.org\/{rel}","templated":true}]}}