{"id":247252,"date":"2024-04-06T08:58:35","date_gmt":"2024-04-06T07:58:35","guid":{"rendered":"https:\/\/kustomshop.kinsta.cloud\/?post_type=product&#038;p=247252"},"modified":"2026-03-27T15:35:33","modified_gmt":"2026-03-27T14:35:33","slug":"core-craft-hood-m","status":"publish","type":"product","link":"https:\/\/shop.kustom.ch\/fr\/produit\/core-craft-hood-m\/","title":{"rendered":"CORE Craft hood M"},"content":{"rendered":"<p>Sweat \u00e0 capuche classique en m\u00e9lange polyester\/coton doux et agr\u00e9able pour les activit\u00e9s quotidiennes. Poche kangourou sur le devant et grand imprim\u00e9 Craft sur le torse, extr\u00e9mit\u00e9s des manches et taille c\u00f4tel\u00e9es.<br \/>\n- Poche kangourou sur le devant<br \/>\n- Grand imprim\u00e9 Craft sur le torse<br \/>\n- Finitions des manches et taille c\u00f4tel\u00e9es<\/p>\n<p>Mat\u00e9riau : 65% polyester 35% coton<\/p>","protected":false},"excerpt":{"rendered":"<p>Klassisches Kapuzensweat aus weichem, angenehmem Polyester-\/Baumwollgemisch f\u00fcr Alltagsaktivit\u00e4ten. K\u00e4nguru-Tasche auf der Vorderseite und grosser Craft-Print am Oberk\u00f6rper, gerippte \u00c4rmelabschl\u00fcsse und gerippter Bund. \u2022 K\u00e4nguru-Tasche auf der Vorderseite \u2022 Grosser Craft-Print am Oberk\u00f6rper \u2022 Gerippte \u00c4rmelabschl\u00fcsse und gerippter Bund Material: 65% Polyester 35% Baumwolle<\/p>","protected":false},"featured_media":247274,"template":"","meta":[],"product_brand":[],"product_cat":[4184],"product_tag":[],"class_list":{"0":"post-247252","1":"product","2":"type-product","3":"status-publish","4":"has-post-thumbnail","6":"product_cat-hoodies-pullover","7":"pa_brand-craft-retail-sportswear","8":"pa_brand-type-sportswear","9":"pa_filter-color-blau","10":"pa_filter-color-grau","11":"pa_filter-color-schwarz","13":"first","14":"outofstock","15":"sale","16":"taxable","17":"shipping-taxable","18":"purchasable","19":"product-type-variable","20":"add-to-wishlist-before_image"},"exclude_global_add_ons":[],"addons":[],"acf":[],"_links":{"self":[{"href":"https:\/\/shop.kustom.ch\/fr\/wp-json\/wp\/v2\/product\/247252"}],"collection":[{"href":"https:\/\/shop.kustom.ch\/fr\/wp-json\/wp\/v2\/product"}],"about":[{"href":"https:\/\/shop.kustom.ch\/fr\/wp-json\/wp\/v2\/types\/product"}],"wp:featuredmedia":[{"embeddable":true,"href":"https:\/\/shop.kustom.ch\/fr\/wp-json\/wp\/v2\/media\/247274"}],"wp:attachment":[{"href":"https:\/\/shop.kustom.ch\/fr\/wp-json\/wp\/v2\/media?parent=247252"}],"wp:term":[{"taxonomy":"product_brand","embeddable":true,"href":"https:\/\/shop.kustom.ch\/fr\/wp-json\/wp\/v2\/product_brand?post=247252"},{"taxonomy":"product_cat","embeddable":true,"href":"https:\/\/shop.kustom.ch\/fr\/wp-json\/wp\/v2\/product_cat?post=247252"},{"taxonomy":"product_tag","embeddable":true,"href":"https:\/\/shop.kustom.ch\/fr\/wp-json\/wp\/v2\/product_tag?post=247252"}],"curies":[{"name":"wp","href":"https:\/\/api.w.org\/{rel}","templated":true}]}}