{"id":247251,"date":"2024-04-06T08:58:34","date_gmt":"2024-04-06T07:58:34","guid":{"rendered":"https:\/\/kustomshop.kinsta.cloud\/?post_type=product&#038;p=247251"},"modified":"2026-03-27T13:21:17","modified_gmt":"2026-03-27T12:21:17","slug":"core-essence-glove","status":"publish","type":"product","link":"https:\/\/shop.kustom.ch\/fr\/produit\/core-essence-glove\/","title":{"rendered":"Gant CORE Essence"},"content":{"rendered":"<p>Gants classiques pour le cyclisme avec mesh en mati\u00e8re stretch recycl\u00e9e sur le dessus pour une grande respirabilit\u00e9.<br \/>\n- fermeture velcro<br \/>\n- Poign\u00e9e en silicone et rembourrage en gel.<\/p>\n<p>Mati\u00e8re : paume : 100% nylon, dos : 73% polyamide recycl\u00e9 27% \u00e9lasthanne,<\/p>","protected":false},"excerpt":{"rendered":"<p>Klassische Handschuhe zum Radfahren mit Mesh aus Recycling-Stretchmaterial auf der Oberseite f\u00fcr eine hohe Atmungsaktivit\u00e4t. \u2022 Klettverschluss \u2022 Silikongriff und Gelpolster. Material: Handfl\u00e4sche: 100% Nylon, R\u00fcckseitehand: 73% Recycling-Polyamid 27% Elasthan,<\/p>","protected":false},"featured_media":247258,"template":"","meta":[],"product_brand":[],"product_cat":[4180],"product_tag":[],"class_list":{"0":"post-247251","1":"product","2":"type-product","3":"status-publish","4":"has-post-thumbnail","6":"product_cat-handschuhe","7":"pa_brand-craft-retail-sportswear","8":"pa_brand-type-sportswear","9":"pa_filter-color-schwarz","10":"pa_filter-color-weiss","12":"first","13":"instock","14":"sale","15":"taxable","16":"shipping-taxable","17":"purchasable","18":"product-type-variable","19":"add-to-wishlist-before_image"},"exclude_global_add_ons":[],"addons":[],"acf":[],"_links":{"self":[{"href":"https:\/\/shop.kustom.ch\/fr\/wp-json\/wp\/v2\/product\/247251"}],"collection":[{"href":"https:\/\/shop.kustom.ch\/fr\/wp-json\/wp\/v2\/product"}],"about":[{"href":"https:\/\/shop.kustom.ch\/fr\/wp-json\/wp\/v2\/types\/product"}],"wp:featuredmedia":[{"embeddable":true,"href":"https:\/\/shop.kustom.ch\/fr\/wp-json\/wp\/v2\/media\/247258"}],"wp:attachment":[{"href":"https:\/\/shop.kustom.ch\/fr\/wp-json\/wp\/v2\/media?parent=247251"}],"wp:term":[{"taxonomy":"product_brand","embeddable":true,"href":"https:\/\/shop.kustom.ch\/fr\/wp-json\/wp\/v2\/product_brand?post=247251"},{"taxonomy":"product_cat","embeddable":true,"href":"https:\/\/shop.kustom.ch\/fr\/wp-json\/wp\/v2\/product_cat?post=247251"},{"taxonomy":"product_tag","embeddable":true,"href":"https:\/\/shop.kustom.ch\/fr\/wp-json\/wp\/v2\/product_tag?post=247251"}],"curies":[{"name":"wp","href":"https:\/\/api.w.org\/{rel}","templated":true}]}}