{"id":247205,"date":"2024-04-06T08:56:59","date_gmt":"2024-04-06T07:56:59","guid":{"rendered":"https:\/\/kustomshop.kinsta.cloud\/?post_type=product&#038;p=247205"},"modified":"2026-03-27T13:41:41","modified_gmt":"2026-03-27T12:41:41","slug":"adv-dry-mid-sock","status":"publish","type":"product","link":"https:\/\/shop.kustom.ch\/fr\/produit\/adv-dry-mid-sock\/","title":{"rendered":"ADV Dry Mid Chaussette"},"content":{"rendered":"<p>Chaussettes de sport pour sportifs avanc\u00e9s en tricot de polyamide Breeze pour une excellente r\u00e9gulation de l'humidit\u00e9 et un contr\u00f4le parfait de la temp\u00e9rature.<br \/>\n- Respirant<br \/>\n- Finition Wicking pour un excellent transfert d'humidit\u00e9<br \/>\n- En polyamide Breeze pour un contr\u00f4le optimal de la temp\u00e9rature<br \/>\n- Soutien de la vo\u00fbte plantaire<br \/>\n- Coutures plates au niveau des orteils<br \/>\n- Coupe ergonomique pour pied gauche et droit<\/p>\n<p>Mati\u00e8re : 56% polyamide recycl\u00e9 40% polyamide 4% \u00e9lasthanne<\/p>","protected":false},"excerpt":{"rendered":"<p>Sportsocken f\u00fcr Fortgeschrittene aus Breeze-Polyamid-Tricot f\u00fcr eine hervorragende Feuchtigkeitsregulierung und perfekte Temperaturkontrolle. \u2022 Atmungsaktiv \u2022 Wicking-Finish f\u00fcr einen hervorragenden Feuchtigkeitstransport \u2022 Aus Breeze-Polyamid f\u00fcr eine optimale Temperaturkontrolle \u2022 Fussgew\u00f6lbest\u00fctze \u2022 Flachn\u00e4hte beim Zehenbereich \u2022 Ergonomische Passform f\u00fcr linken und rechten Fuss Material: 56% Recycling-Polyamid 40% Polyamid 4% Elasthan<\/p>","protected":false},"featured_media":247227,"template":"","meta":[],"product_brand":[],"product_cat":[9643,4209],"product_tag":[],"class_list":{"0":"post-247205","1":"product","2":"type-product","3":"status-publish","4":"has-post-thumbnail","6":"product_cat-equipment","7":"product_cat-zubehoer","8":"pa_brand-craft-retail-sportswear","9":"pa_brand-type-sportswear","10":"pa_filter-color-schwarz","11":"pa_filter-color-weiss","13":"first","14":"instock","15":"sale","16":"taxable","17":"shipping-taxable","18":"purchasable","19":"product-type-variable","20":"add-to-wishlist-before_image"},"exclude_global_add_ons":[],"addons":[],"acf":[],"_links":{"self":[{"href":"https:\/\/shop.kustom.ch\/fr\/wp-json\/wp\/v2\/product\/247205"}],"collection":[{"href":"https:\/\/shop.kustom.ch\/fr\/wp-json\/wp\/v2\/product"}],"about":[{"href":"https:\/\/shop.kustom.ch\/fr\/wp-json\/wp\/v2\/types\/product"}],"wp:featuredmedia":[{"embeddable":true,"href":"https:\/\/shop.kustom.ch\/fr\/wp-json\/wp\/v2\/media\/247227"}],"wp:attachment":[{"href":"https:\/\/shop.kustom.ch\/fr\/wp-json\/wp\/v2\/media?parent=247205"}],"wp:term":[{"taxonomy":"product_brand","embeddable":true,"href":"https:\/\/shop.kustom.ch\/fr\/wp-json\/wp\/v2\/product_brand?post=247205"},{"taxonomy":"product_cat","embeddable":true,"href":"https:\/\/shop.kustom.ch\/fr\/wp-json\/wp\/v2\/product_cat?post=247205"},{"taxonomy":"product_tag","embeddable":true,"href":"https:\/\/shop.kustom.ch\/fr\/wp-json\/wp\/v2\/product_tag?post=247205"}],"curies":[{"name":"wp","href":"https:\/\/api.w.org\/{rel}","templated":true}]}}