{"id":246706,"date":"2024-04-06T08:30:10","date_gmt":"2024-04-06T07:30:10","guid":{"rendered":"https:\/\/kustomshop.kinsta.cloud\/?post_type=product&#038;p=246706"},"modified":"2026-03-27T14:39:38","modified_gmt":"2026-03-27T13:39:38","slug":"adv-offroad-ss-jersey-m","status":"publish","type":"product","link":"https:\/\/shop.kustom.ch\/fr\/produit\/adv-offroad-ss-jersey-m\/","title":{"rendered":"Adv Offroad SS Jersey M"},"content":{"rendered":"<p>Maillot pour avanc\u00e9s en mati\u00e8re stretch douce et r\u00e9sistante pour le VTT et le gravel bike intensifs. Rev\u00eatement en silicone sur les \u00e9paules, bande en silicone \u00e0 la taille et cinq poches, dont trois grandes poches \u00e0 l'arri\u00e8re.<\/p>\n<p>Mati\u00e8re : 91% polyamide - recycl\u00e9, 9% \u00e9lasthanne<\/p>","protected":false},"excerpt":{"rendered":"<p>Jersey f\u00fcr Fortgeschrittene aus weichem, strapazierf\u00e4higem Stretchmaterial f\u00fcr intensives Mountain- und Gravelbiken. Silikonbeschichtung an den Schultern, Silikonband am Bund und f\u00fcnf Taschen, davon drei grosse Taschen hinten. Material: 91% Polyamide &#8211; recycled, 9% Elastane<\/p>","protected":false},"featured_media":246727,"template":"","meta":[],"product_brand":[],"product_cat":[4201],"product_tag":[],"class_list":{"0":"post-246706","1":"product","2":"type-product","3":"status-publish","4":"has-post-thumbnail","6":"product_cat-t-shirts","7":"pa_brand-craft-retail-sportswear","8":"pa_brand-type-sportswear","9":"pa_filter-color-orange","11":"first","12":"instock","13":"sale","14":"taxable","15":"shipping-taxable","16":"purchasable","17":"product-type-variable","18":"add-to-wishlist-before_image"},"exclude_global_add_ons":[],"addons":[],"acf":[],"_links":{"self":[{"href":"https:\/\/shop.kustom.ch\/fr\/wp-json\/wp\/v2\/product\/246706"}],"collection":[{"href":"https:\/\/shop.kustom.ch\/fr\/wp-json\/wp\/v2\/product"}],"about":[{"href":"https:\/\/shop.kustom.ch\/fr\/wp-json\/wp\/v2\/types\/product"}],"wp:featuredmedia":[{"embeddable":true,"href":"https:\/\/shop.kustom.ch\/fr\/wp-json\/wp\/v2\/media\/246727"}],"wp:attachment":[{"href":"https:\/\/shop.kustom.ch\/fr\/wp-json\/wp\/v2\/media?parent=246706"}],"wp:term":[{"taxonomy":"product_brand","embeddable":true,"href":"https:\/\/shop.kustom.ch\/fr\/wp-json\/wp\/v2\/product_brand?post=246706"},{"taxonomy":"product_cat","embeddable":true,"href":"https:\/\/shop.kustom.ch\/fr\/wp-json\/wp\/v2\/product_cat?post=246706"},{"taxonomy":"product_tag","embeddable":true,"href":"https:\/\/shop.kustom.ch\/fr\/wp-json\/wp\/v2\/product_tag?post=246706"}],"curies":[{"name":"wp","href":"https:\/\/api.w.org\/{rel}","templated":true}]}}