{"id":246663,"date":"2024-04-06T08:28:33","date_gmt":"2024-04-06T07:28:33","guid":{"rendered":"https:\/\/kustomshop.kinsta.cloud\/?post_type=product&#038;p=246663"},"modified":"2026-03-27T14:11:35","modified_gmt":"2026-03-27T13:11:35","slug":"core-endur-singlet-w","status":"publish","type":"product","link":"https:\/\/shop.kustom.ch\/fr\/produit\/core-endur-singlet-w\/","title":{"rendered":"Core Endur D\u00e9bardeur W"},"content":{"rendered":"<p>Jersey doux sans manches pour le cyclisme en polyester recycl\u00e9 stretch pour une excellente \u00e9vacuation de l'humidit\u00e9. Fermeture \u00e9clair sur toute la longueur \u00e0 l'avant, trois poches \u00e0 l'arri\u00e8re et double bande \u00e0 l'arri\u00e8re, \u00e0 la taille, pour un ajustement s\u00fbr.<\/p>\n<p>Mat\u00e9riaux : Front Body \/ Lower Back Body 100% Polyester, Upper Back Body : 97% Polyester - recycl\u00e9, 3% Polyester<\/p>","protected":false},"excerpt":{"rendered":"<p>Weiches armelloses Jersey zum Radfahren aus Stretch-Recyclingpolyester f\u00fcr einen hervorragenden Feuchtigkeitstransport. Durchgehender Reissverschluss vorne, drei Taschen hinten und Doppelband hinten, am Bund, f\u00fcr einen sicheren Sitz. Material: Front Body \/ Lower Back Body 100% Polyester, Upper Back Body: 97% Polyester &#8211; recycled, 3% Polyester<\/p>","protected":false},"featured_media":246698,"template":"","meta":[],"product_brand":[],"product_cat":[4202],"product_tag":[],"class_list":{"0":"post-246663","1":"product","2":"type-product","3":"status-publish","4":"has-post-thumbnail","6":"product_cat-tank-tops","7":"pa_brand-craft-retail-sportswear","8":"pa_brand-type-sportswear","9":"pa_filter-color-pink","11":"first","12":"instock","13":"sale","14":"taxable","15":"shipping-taxable","16":"purchasable","17":"product-type-variable","18":"add-to-wishlist-before_image"},"exclude_global_add_ons":[],"addons":[],"acf":[],"_links":{"self":[{"href":"https:\/\/shop.kustom.ch\/fr\/wp-json\/wp\/v2\/product\/246663"}],"collection":[{"href":"https:\/\/shop.kustom.ch\/fr\/wp-json\/wp\/v2\/product"}],"about":[{"href":"https:\/\/shop.kustom.ch\/fr\/wp-json\/wp\/v2\/types\/product"}],"wp:featuredmedia":[{"embeddable":true,"href":"https:\/\/shop.kustom.ch\/fr\/wp-json\/wp\/v2\/media\/246698"}],"wp:attachment":[{"href":"https:\/\/shop.kustom.ch\/fr\/wp-json\/wp\/v2\/media?parent=246663"}],"wp:term":[{"taxonomy":"product_brand","embeddable":true,"href":"https:\/\/shop.kustom.ch\/fr\/wp-json\/wp\/v2\/product_brand?post=246663"},{"taxonomy":"product_cat","embeddable":true,"href":"https:\/\/shop.kustom.ch\/fr\/wp-json\/wp\/v2\/product_cat?post=246663"},{"taxonomy":"product_tag","embeddable":true,"href":"https:\/\/shop.kustom.ch\/fr\/wp-json\/wp\/v2\/product_tag?post=246663"}],"curies":[{"name":"wp","href":"https:\/\/api.w.org\/{rel}","templated":true}]}}