{"id":246639,"date":"2024-04-06T08:27:44","date_gmt":"2024-04-06T07:27:44","guid":{"rendered":"https:\/\/kustomshop.kinsta.cloud\/?post_type=product&#038;p=246639"},"modified":"2026-03-27T13:54:54","modified_gmt":"2026-03-27T12:54:54","slug":"adv-endur-bib-shorts-w","status":"publish","type":"product","link":"https:\/\/shop.kustom.ch\/fr\/produit\/adv-endur-bib-shorts-w\/","title":{"rendered":"Adv Endur Bib Shorts W"},"content":{"rendered":"<p>Short de cuisse avanc\u00e9 offrant un excellent contr\u00f4le du corps et un grand transport de l'humidit\u00e9. Polyamide recycl\u00e9, rembourrage C2 et construction de dossard Mesh Superlight pour un refroidissement actif. Construction ergonomique et souple du cuissard avec tissu Mesh Superlight pour un rafra\u00eechissement actif et un meilleur confort - Design ergonomique pour un ajustement parfait \u00e0 la position de conduite - \u00c9lastique de fin de jambe en silicone qui maintient le cuissard en place - Tissu polyamide recycl\u00e9 - Infinity C2 Pad Wmn<\/p>\n<p>Mat\u00e9riau : Bas du corps : 78% Polyamide - Recycl\u00e9, 22% Elasthanne, Haut du corps arri\u00e8re : 95% Polyester, 5% Elasthanne, Bretelles : 81% Polyester, 19% Elasthanne<\/p>","protected":false},"excerpt":{"rendered":"<p>Advanced bib shorts offering excellent body control and great moisture transport. Recycled polyamide, C2 pad and Mesh Superlight bib construction for active cooling. Riding-position fit.\u2022Ergonomic and smooth bib construction with Mesh Superlight fabric for active cooling and comfort\u2022Ergonomic design for a perfect riding-position fit\u2022Silicone leg ending elastic that keeps the bib shorts in place\u2022Recycled polyamide [&hellip;]<\/p>\n","protected":false},"featured_media":246670,"template":"","meta":[],"product_brand":[],"product_cat":[4198],"product_tag":[],"class_list":{"0":"post-246639","1":"product","2":"type-product","3":"status-publish","4":"has-post-thumbnail","6":"product_cat-shorts","7":"pa_brand-craft-retail-sportswear","8":"pa_brand-type-sportswear","9":"pa_filter-color-schwarz","11":"first","12":"instock","13":"sale","14":"taxable","15":"shipping-taxable","16":"purchasable","17":"product-type-variable","18":"add-to-wishlist-before_image"},"exclude_global_add_ons":[],"addons":[],"acf":[],"_links":{"self":[{"href":"https:\/\/shop.kustom.ch\/fr\/wp-json\/wp\/v2\/product\/246639"}],"collection":[{"href":"https:\/\/shop.kustom.ch\/fr\/wp-json\/wp\/v2\/product"}],"about":[{"href":"https:\/\/shop.kustom.ch\/fr\/wp-json\/wp\/v2\/types\/product"}],"wp:featuredmedia":[{"embeddable":true,"href":"https:\/\/shop.kustom.ch\/fr\/wp-json\/wp\/v2\/media\/246670"}],"wp:attachment":[{"href":"https:\/\/shop.kustom.ch\/fr\/wp-json\/wp\/v2\/media?parent=246639"}],"wp:term":[{"taxonomy":"product_brand","embeddable":true,"href":"https:\/\/shop.kustom.ch\/fr\/wp-json\/wp\/v2\/product_brand?post=246639"},{"taxonomy":"product_cat","embeddable":true,"href":"https:\/\/shop.kustom.ch\/fr\/wp-json\/wp\/v2\/product_cat?post=246639"},{"taxonomy":"product_tag","embeddable":true,"href":"https:\/\/shop.kustom.ch\/fr\/wp-json\/wp\/v2\/product_tag?post=246639"}],"curies":[{"name":"wp","href":"https:\/\/api.w.org\/{rel}","templated":true}]}}