{"id":246608,"date":"2024-04-06T08:26:34","date_gmt":"2024-04-06T07:26:34","guid":{"rendered":"https:\/\/kustomshop.kinsta.cloud\/?post_type=product&#038;p=246608"},"modified":"2026-03-27T14:23:03","modified_gmt":"2026-03-27T13:23:03","slug":"adv-aero-bib-shorts-m","status":"publish","type":"product","link":"https:\/\/shop.kustom.ch\/fr\/produit\/adv-aero-bib-shorts-m\/","title":{"rendered":"Adv Aero bib short M"},"content":{"rendered":"<p>Short \u00e0 bretelles pour avanc\u00e9s avec d'excellentes propri\u00e9t\u00e9s a\u00e9rodynamiques et de contr\u00f4le du corps, un excellent transfert d'humidit\u00e9 et un pad C2. Fabriqu\u00e9 en mati\u00e8re Lycra\u00ae Sport Energy avec des inserts avec des zones climatiques sp\u00e9ciales pour un passage optimal de l'air et une r\u00e9sistance minimale \u00e0 l'air.<\/p>\n<p>Composition : Corps : 75% polyamide, 25% \u00e9lasthanne, Panneaux lat\u00e9raux : 70% polyamide, 30% \u00e9lasthanne, Bretelles : 95% polyester, 5% \u00e9lasthanne<\/p>","protected":false},"excerpt":{"rendered":"<p>Tr\u00e4ger-Shorts f\u00fcr Fortgeschrittene mit ausgezeichneten aerodynamischen und Body-Control-Eigenschaften, hervorragendem Feuchtigkeitstransport und C2\u00a0Pad. Aus Lycra\u00ae Sport Energy Material mit Eins\u00e4tzen mit speziellen Klimazonen f\u00fcr optimalen Luftdurchlass und minimalen Luftwiderstand. Material: Body: 75% Polyamide, 25% Elastane, Side panels: 70% Polyamide, 30% Elastan, Shoulder straps: 95% Polyester, 5% Elastane<\/p>","protected":false},"featured_media":246614,"template":"","meta":[],"product_brand":[],"product_cat":[4198],"product_tag":[],"class_list":{"0":"post-246608","1":"product","2":"type-product","3":"status-publish","4":"has-post-thumbnail","6":"product_cat-shorts","7":"pa_brand-craft-retail-sportswear","8":"pa_brand-type-sportswear","9":"pa_filter-color-schwarz","11":"first","12":"outofstock","13":"sale","14":"taxable","15":"shipping-taxable","16":"purchasable","17":"product-type-variable","18":"add-to-wishlist-before_image"},"exclude_global_add_ons":[],"addons":[],"acf":[],"_links":{"self":[{"href":"https:\/\/shop.kustom.ch\/fr\/wp-json\/wp\/v2\/product\/246608"}],"collection":[{"href":"https:\/\/shop.kustom.ch\/fr\/wp-json\/wp\/v2\/product"}],"about":[{"href":"https:\/\/shop.kustom.ch\/fr\/wp-json\/wp\/v2\/types\/product"}],"wp:featuredmedia":[{"embeddable":true,"href":"https:\/\/shop.kustom.ch\/fr\/wp-json\/wp\/v2\/media\/246614"}],"wp:attachment":[{"href":"https:\/\/shop.kustom.ch\/fr\/wp-json\/wp\/v2\/media?parent=246608"}],"wp:term":[{"taxonomy":"product_brand","embeddable":true,"href":"https:\/\/shop.kustom.ch\/fr\/wp-json\/wp\/v2\/product_brand?post=246608"},{"taxonomy":"product_cat","embeddable":true,"href":"https:\/\/shop.kustom.ch\/fr\/wp-json\/wp\/v2\/product_cat?post=246608"},{"taxonomy":"product_tag","embeddable":true,"href":"https:\/\/shop.kustom.ch\/fr\/wp-json\/wp\/v2\/product_tag?post=246608"}],"curies":[{"name":"wp","href":"https:\/\/api.w.org\/{rel}","templated":true}]}}