{"id":246581,"date":"2024-04-06T08:25:44","date_gmt":"2024-04-06T07:25:44","guid":{"rendered":"https:\/\/kustomshop.kinsta.cloud\/?post_type=product&#038;p=246581"},"modified":"2026-03-27T14:20:04","modified_gmt":"2026-03-27T13:20:04","slug":"pro-aero-bib-shorts-m","status":"publish","type":"product","link":"https:\/\/shop.kustom.ch\/fr\/produit\/pro-aero-bib-shorts-m\/","title":{"rendered":"Short Pro Aero Bib M"},"content":{"rendered":"<p>Short \u00e0 bretelles a\u00e9rodynamique pour les professionnels avec d'excellentes propri\u00e9t\u00e9s de contr\u00f4le du corps, un excellent transfert d'humidit\u00e9 et un pad C1. En mati\u00e8re Lycra\u00ae Sport Energy avec \u00e9lasticit\u00e9 dans quatre directions, inserts avec zones climatiques sp\u00e9ciales pour un passage optimal de l'air et une r\u00e9sistance minimale \u00e0 l'air.<br \/>\n- Mat\u00e9riau Lycra\u00ae Sport Energy avec d'excellentes propri\u00e9t\u00e9s de contr\u00f4le du corps et une \u00e9lasticit\u00e9 dans quatre directions pour r\u00e9duire les vibrations musculaires et concentrer la force pour un confort accru et un excellent contr\u00f4le<br \/>\n- Peu de coutures pour un passage optimal de l'air<br \/>\n- silicone aux extr\u00e9mit\u00e9s des jambes pour un maintien antid\u00e9rapant<br \/>\n- Jambes extra-longues avec extr\u00e9mit\u00e9s coup\u00e9es<br \/>\n- Syst\u00e8me de support perfor\u00e9 pour une respirabilit\u00e9 maximale<br \/>\n- C1 Pad Hommes<\/p>\n<p>Composition : Corps : 75% polyamide, 25% \u00e9lasthanne, Panneaux lat\u00e9raux : 70% polyamide, 30% \u00e9lasthanne, Bretelles : 95% polyester, 5% \u00e9lasthanne<\/p>","protected":false},"excerpt":{"rendered":"<p>Aerodynamische Tr\u00e4ger-Shorts f\u00fcr Profis mit ausgezeichneten Body-Control-Eigenschaften, hervorragendem Feuchtigkeitstransport und C1\u00a0Pad. Aus Lycra\u00ae Sport Energy Material mit Elastizit\u00e4t in vier Richtungen, Eins\u00e4tze mit speziellen Klimazonen f\u00fcr optimalen Luftdurchlass und minimalen Luftwiderstand. \u2022 Lycra\u00ae Sport Energy Material mit hervorragenden Body-Control-Eigenschaften und Elastizit\u00e4t in vier Richtungen zur Reduzierung der Muskelvibration und Konzentration der Kraft f\u00fcr erh\u00f6hten Komfort [&hellip;]<\/p>\n","protected":false},"featured_media":246606,"template":"","meta":[],"product_brand":[],"product_cat":[4198],"product_tag":[],"class_list":{"0":"post-246581","1":"product","2":"type-product","3":"status-publish","4":"has-post-thumbnail","6":"product_cat-shorts","7":"pa_brand-craft-retail-sportswear","8":"pa_brand-type-sportswear","9":"pa_filter-color-schwarz","11":"first","12":"outofstock","13":"sale","14":"taxable","15":"shipping-taxable","16":"purchasable","17":"product-type-variable","18":"add-to-wishlist-before_image"},"exclude_global_add_ons":[],"addons":[],"acf":[],"_links":{"self":[{"href":"https:\/\/shop.kustom.ch\/fr\/wp-json\/wp\/v2\/product\/246581"}],"collection":[{"href":"https:\/\/shop.kustom.ch\/fr\/wp-json\/wp\/v2\/product"}],"about":[{"href":"https:\/\/shop.kustom.ch\/fr\/wp-json\/wp\/v2\/types\/product"}],"wp:featuredmedia":[{"embeddable":true,"href":"https:\/\/shop.kustom.ch\/fr\/wp-json\/wp\/v2\/media\/246606"}],"wp:attachment":[{"href":"https:\/\/shop.kustom.ch\/fr\/wp-json\/wp\/v2\/media?parent=246581"}],"wp:term":[{"taxonomy":"product_brand","embeddable":true,"href":"https:\/\/shop.kustom.ch\/fr\/wp-json\/wp\/v2\/product_brand?post=246581"},{"taxonomy":"product_cat","embeddable":true,"href":"https:\/\/shop.kustom.ch\/fr\/wp-json\/wp\/v2\/product_cat?post=246581"},{"taxonomy":"product_tag","embeddable":true,"href":"https:\/\/shop.kustom.ch\/fr\/wp-json\/wp\/v2\/product_tag?post=246581"}],"curies":[{"name":"wp","href":"https:\/\/api.w.org\/{rel}","templated":true}]}}