{"id":246522,"date":"2024-04-06T08:24:02","date_gmt":"2024-04-06T07:24:02","guid":{"rendered":"https:\/\/kustomshop.kinsta.cloud\/?post_type=product&#038;p=246522"},"modified":"2026-03-27T14:24:37","modified_gmt":"2026-03-27T13:24:37","slug":"adv-endur-bib-shorts-m","status":"publish","type":"product","link":"https:\/\/shop.kustom.ch\/fr\/produit\/adv-endur-bib-shorts-m\/","title":{"rendered":"Short de cuissard Adv Endur M"},"content":{"rendered":"<p>Short \u00e0 bretelles pour avanc\u00e9s avec d'excellentes propri\u00e9t\u00e9s de body control et un excellent transfert d'humidit\u00e9. Polyamide recycl\u00e9, pad C2 et syst\u00e8me de bretelles en mesh extr\u00eamement l\u00e9ger pour un refroidissement actif. Bon maintien en position de course.<\/p>\n<p>Mat\u00e9riau : Bas du corps : 78% Polyamide - Recycl\u00e9, 22% Elasthanne, Haut du corps arri\u00e8re : 95% Polyester, 5% Elasthanne, Bretelles : 81% Polyester, 19% Elasthanne<\/p>","protected":false},"excerpt":{"rendered":"<p>Tr\u00e4ger-Shorts f\u00fcr Fortgeschrittene mit ausgezeichneten Body-Control-Eigenschaften und hervorragendem Feuchtigkeitstransport. Recycling-Polyamid, C2\u00a0Pad und extrem leichtes Mesh-Tr\u00e4gersystem f\u00fcr aktive K\u00fchlung. Guter Sitz in Rennposition. Material: Lower body: 78% Polyamide &#8211; Recycled, 22% Elastane, Upper Back Body: 95% Polyester, 5% Elastane, Shoulder Straps: 81% Polyester, 19% Elastane<\/p>","protected":false},"featured_media":246585,"template":"","meta":[],"product_brand":[],"product_cat":[4198],"product_tag":[],"class_list":{"0":"post-246522","1":"product","2":"type-product","3":"status-publish","4":"has-post-thumbnail","6":"product_cat-shorts","7":"pa_brand-craft-retail-sportswear","8":"pa_brand-type-sportswear","9":"pa_filter-color-schwarz","10":"pa_filter-color-weiss","12":"first","13":"outofstock","14":"sale","15":"taxable","16":"shipping-taxable","17":"purchasable","18":"product-type-variable","19":"add-to-wishlist-before_image"},"exclude_global_add_ons":[],"addons":[],"acf":[],"_links":{"self":[{"href":"https:\/\/shop.kustom.ch\/fr\/wp-json\/wp\/v2\/product\/246522"}],"collection":[{"href":"https:\/\/shop.kustom.ch\/fr\/wp-json\/wp\/v2\/product"}],"about":[{"href":"https:\/\/shop.kustom.ch\/fr\/wp-json\/wp\/v2\/types\/product"}],"wp:featuredmedia":[{"embeddable":true,"href":"https:\/\/shop.kustom.ch\/fr\/wp-json\/wp\/v2\/media\/246585"}],"wp:attachment":[{"href":"https:\/\/shop.kustom.ch\/fr\/wp-json\/wp\/v2\/media?parent=246522"}],"wp:term":[{"taxonomy":"product_brand","embeddable":true,"href":"https:\/\/shop.kustom.ch\/fr\/wp-json\/wp\/v2\/product_brand?post=246522"},{"taxonomy":"product_cat","embeddable":true,"href":"https:\/\/shop.kustom.ch\/fr\/wp-json\/wp\/v2\/product_cat?post=246522"},{"taxonomy":"product_tag","embeddable":true,"href":"https:\/\/shop.kustom.ch\/fr\/wp-json\/wp\/v2\/product_tag?post=246522"}],"curies":[{"name":"wp","href":"https:\/\/api.w.org\/{rel}","templated":true}]}}