{"id":246519,"date":"2024-04-06T08:23:59","date_gmt":"2024-04-06T07:23:59","guid":{"rendered":"https:\/\/kustomshop.kinsta.cloud\/?post_type=product&#038;p=246519"},"modified":"2026-03-27T14:20:01","modified_gmt":"2026-03-27T13:20:01","slug":"core-dry-singlet-m","status":"publish","type":"product","link":"https:\/\/shop.kustom.ch\/fr\/produit\/core-dry-singlet-m\/","title":{"rendered":"CORE DRY D\u00e9bardeur M"},"content":{"rendered":"<p>Top doux, l\u00e9ger et respirant avec une excellente \u00e9vacuation de l'humidit\u00e9 et un grand confort pour l'entra\u00eenement quotidien.<br \/>\n- Respirant<br \/>\n- Finition Wicking pour un excellent transfert d'humidit\u00e9<br \/>\n- Doux et confortable, avec un ajustement optimal pour une utilisation quotidienne<\/p>\n<p>Mati\u00e8re : 87% polyester recycl\u00e9 13% \u00e9lasthanne<\/p>","protected":false},"excerpt":{"rendered":"<p>Weiches, leichtes, atmungsaktives Top mit hervorragendem Feuchtigkeitstransport und hohem Komfort f\u00fcr das t\u00e4gliche Training. \u2022 Atmungsaktiv \u2022 Wicking-Finish f\u00fcr einen hervorragenden Feuchtigkeitstransport \u2022 Weich und bequem, mit optimalem Sitz f\u00fcr den Alltagsgebrauch Material: 87% Polyester recycelt 13% Elastan<\/p>","protected":false},"featured_media":246523,"template":"","meta":[],"product_brand":[],"product_cat":[4202],"product_tag":[],"class_list":{"0":"post-246519","1":"product","2":"type-product","3":"status-publish","4":"has-post-thumbnail","6":"product_cat-tank-tops","7":"pa_brand-craft-retail-sportswear","8":"pa_brand-type-sportswear","9":"pa_filter-color-schwarz","10":"pa_filter-color-weiss","12":"first","13":"outofstock","14":"sale","15":"taxable","16":"shipping-taxable","17":"purchasable","18":"product-type-variable","19":"add-to-wishlist-before_image"},"exclude_global_add_ons":[],"addons":[],"acf":[],"_links":{"self":[{"href":"https:\/\/shop.kustom.ch\/fr\/wp-json\/wp\/v2\/product\/246519"}],"collection":[{"href":"https:\/\/shop.kustom.ch\/fr\/wp-json\/wp\/v2\/product"}],"about":[{"href":"https:\/\/shop.kustom.ch\/fr\/wp-json\/wp\/v2\/types\/product"}],"wp:featuredmedia":[{"embeddable":true,"href":"https:\/\/shop.kustom.ch\/fr\/wp-json\/wp\/v2\/media\/246523"}],"wp:attachment":[{"href":"https:\/\/shop.kustom.ch\/fr\/wp-json\/wp\/v2\/media?parent=246519"}],"wp:term":[{"taxonomy":"product_brand","embeddable":true,"href":"https:\/\/shop.kustom.ch\/fr\/wp-json\/wp\/v2\/product_brand?post=246519"},{"taxonomy":"product_cat","embeddable":true,"href":"https:\/\/shop.kustom.ch\/fr\/wp-json\/wp\/v2\/product_cat?post=246519"},{"taxonomy":"product_tag","embeddable":true,"href":"https:\/\/shop.kustom.ch\/fr\/wp-json\/wp\/v2\/product_tag?post=246519"}],"curies":[{"name":"wp","href":"https:\/\/api.w.org\/{rel}","templated":true}]}}