{"id":246444,"date":"2024-04-06T07:37:05","date_gmt":"2024-04-06T06:37:05","guid":{"rendered":"https:\/\/kustomshop.kinsta.cloud\/?post_type=product&#038;p=246444"},"modified":"2026-03-27T14:14:27","modified_gmt":"2026-03-27T13:14:27","slug":"core-dry-string-w","status":"publish","type":"product","link":"https:\/\/shop.kustom.ch\/fr\/produit\/core-dry-string-w\/","title":{"rendered":"CORE DRY String W"},"content":{"rendered":"<p>String l\u00e9ger et respirant avec une excellente \u00e9vacuation de l'humidit\u00e9 et un grand confort pour l'entra\u00eenement quotidien.<br \/>\n- Respirant<br \/>\n- Finition Wicking pour un excellent transfert d'humidit\u00e9<br \/>\n- ajustement optimal pour un entra\u00eenement intensif<\/p>\n<p>Mati\u00e8re : 87% polyester recycl\u00e9 13% \u00e9lasthanne<\/p>","protected":false},"excerpt":{"rendered":"<p>Leichter, atmungsaktiver String mit hervorragendem Feuchtigkeitstransport und hohem Komfort f\u00fcr das t\u00e4gliche Training. \u2022 Atmungsaktiv \u2022 Wicking-Finish f\u00fcr einen hervorragenden Feuchtigkeitstransport \u2022 Optimaler Sitz f\u00fcr intensives Training Material: 87% Polyester recycelt 13% Elastan<\/p>","protected":false},"featured_media":246450,"template":"","meta":[],"product_brand":[],"product_cat":[4198],"product_tag":[],"class_list":{"0":"post-246444","1":"product","2":"type-product","3":"status-publish","4":"has-post-thumbnail","6":"product_cat-shorts","7":"pa_brand-craft-retail-sportswear","8":"pa_brand-type-sportswear","9":"pa_filter-color-beige","10":"pa_filter-color-pink","11":"pa_filter-color-schwarz","12":"pa_filter-color-violet","13":"pa_filter-color-weiss","15":"first","16":"outofstock","17":"sale","18":"taxable","19":"shipping-taxable","20":"purchasable","21":"product-type-variable","22":"add-to-wishlist-before_image"},"exclude_global_add_ons":[],"addons":[],"acf":[],"_links":{"self":[{"href":"https:\/\/shop.kustom.ch\/fr\/wp-json\/wp\/v2\/product\/246444"}],"collection":[{"href":"https:\/\/shop.kustom.ch\/fr\/wp-json\/wp\/v2\/product"}],"about":[{"href":"https:\/\/shop.kustom.ch\/fr\/wp-json\/wp\/v2\/types\/product"}],"wp:featuredmedia":[{"embeddable":true,"href":"https:\/\/shop.kustom.ch\/fr\/wp-json\/wp\/v2\/media\/246450"}],"wp:attachment":[{"href":"https:\/\/shop.kustom.ch\/fr\/wp-json\/wp\/v2\/media?parent=246444"}],"wp:term":[{"taxonomy":"product_brand","embeddable":true,"href":"https:\/\/shop.kustom.ch\/fr\/wp-json\/wp\/v2\/product_brand?post=246444"},{"taxonomy":"product_cat","embeddable":true,"href":"https:\/\/shop.kustom.ch\/fr\/wp-json\/wp\/v2\/product_cat?post=246444"},{"taxonomy":"product_tag","embeddable":true,"href":"https:\/\/shop.kustom.ch\/fr\/wp-json\/wp\/v2\/product_tag?post=246444"}],"curies":[{"name":"wp","href":"https:\/\/api.w.org\/{rel}","templated":true}]}}