{"id":246216,"date":"2024-04-06T07:28:34","date_gmt":"2024-04-06T06:28:34","guid":{"rendered":"https:\/\/kustomshop.kinsta.cloud\/?post_type=product&#038;p=246216"},"modified":"2026-03-27T15:30:33","modified_gmt":"2026-03-27T14:30:33","slug":"pro-hypervent-ls-wind-top-m","status":"publish","type":"product","link":"https:\/\/shop.kustom.ch\/fr\/produit\/pro-hypervent-ls-wind-top-m\/","title":{"rendered":"Haut \u00e0 vent PRO Hypervent LS M"},"content":{"rendered":"<p>Maillot de course \u00e0 manches longues pour les professionnels, avec un tissu ind\u00e9chirable et coupe-vent sur le devant et un jersey tr\u00e8s respirant \u00e0 l'arri\u00e8re pour un entra\u00eenement intensif. Poche zipp\u00e9e pour ranger des objets en toute s\u00e9curit\u00e9 et manches longues en jersey avec trou pour le pouce.<\/p>\n<p>Mat\u00e9riau : Front : 92% polyamide 8% \u00e9lasthanne Back : 87% polyester 13% \u00e9lasthanne<\/p>","protected":false},"excerpt":{"rendered":"<p>Langarm-Laufshirt f\u00fcr Profis mit reissfestem, winddichtem Material auf der Vorderseite und sehr atmungsaktivem Jersey auf der R\u00fcckseite f\u00fcr intensives Training. Reissverschlusstasche zur sicheren Aufbewahrung von Gegenst\u00e4nden und lange \u00c4rmelabschl\u00fcsse aus Jersey mit Daumenloch. Material: Front: 92% polyamide 8% elastane Back: 87% polyester 13% elastane<\/p>","protected":false},"featured_media":246231,"template":"","meta":[],"product_brand":[],"product_cat":[4186,4201],"product_tag":[],"class_list":{"0":"post-246216","1":"product","2":"type-product","3":"status-publish","4":"has-post-thumbnail","6":"product_cat-jacken","7":"product_cat-t-shirts","8":"pa_brand-craft-retail-sportswear","9":"pa_brand-type-sportswear","10":"pa_filter-color-grau","11":"pa_filter-color-schwarz","13":"first","14":"outofstock","15":"sale","16":"taxable","17":"shipping-taxable","18":"purchasable","19":"product-type-variable","20":"add-to-wishlist-before_image"},"exclude_global_add_ons":[],"addons":[],"acf":[],"_links":{"self":[{"href":"https:\/\/shop.kustom.ch\/fr\/wp-json\/wp\/v2\/product\/246216"}],"collection":[{"href":"https:\/\/shop.kustom.ch\/fr\/wp-json\/wp\/v2\/product"}],"about":[{"href":"https:\/\/shop.kustom.ch\/fr\/wp-json\/wp\/v2\/types\/product"}],"wp:featuredmedia":[{"embeddable":true,"href":"https:\/\/shop.kustom.ch\/fr\/wp-json\/wp\/v2\/media\/246231"}],"wp:attachment":[{"href":"https:\/\/shop.kustom.ch\/fr\/wp-json\/wp\/v2\/media?parent=246216"}],"wp:term":[{"taxonomy":"product_brand","embeddable":true,"href":"https:\/\/shop.kustom.ch\/fr\/wp-json\/wp\/v2\/product_brand?post=246216"},{"taxonomy":"product_cat","embeddable":true,"href":"https:\/\/shop.kustom.ch\/fr\/wp-json\/wp\/v2\/product_cat?post=246216"},{"taxonomy":"product_tag","embeddable":true,"href":"https:\/\/shop.kustom.ch\/fr\/wp-json\/wp\/v2\/product_tag?post=246216"}],"curies":[{"name":"wp","href":"https:\/\/api.w.org\/{rel}","templated":true}]}}