{"id":246187,"date":"2024-04-06T07:27:24","date_gmt":"2024-04-06T06:27:24","guid":{"rendered":"https:\/\/kustomshop.kinsta.cloud\/?post_type=product&#038;p=246187"},"modified":"2026-03-27T15:28:38","modified_gmt":"2026-03-27T14:28:38","slug":"adv-explore-light-midlayer-w","status":"publish","type":"product","link":"https:\/\/shop.kustom.ch\/fr\/produit\/adv-explore-light-midlayer-w\/","title":{"rendered":"ADV Explore Light Midlayer W"},"content":{"rendered":"<p>Midlayer l\u00e9ger en mat\u00e9riau fin, \u00e9lastique et fonctionnel. Offre une excellente gestion de la temp\u00e9rature, convient \u00e0 la plupart des activit\u00e9s de plein air.<\/p>\n<p>Mati\u00e8re : 89% polyester 11% \u00e9lasthanne<\/p>","protected":false},"excerpt":{"rendered":"<p>Midlayer l\u00e9ger en mat\u00e9riau fin, \u00e9lastique et fonctionnel. Offre une excellente gestion de la temp\u00e9rature, convient \u00e0 la plupart des activit\u00e9s de plein air. Mati\u00e8re : 89% polyester 11% \u00e9lasthanne<\/p>","protected":false},"featured_media":246188,"template":"","meta":[],"product_brand":[],"product_cat":[4191],"product_tag":[],"class_list":{"0":"post-246187","1":"product","2":"type-product","3":"status-publish","4":"has-post-thumbnail","6":"product_cat-longsleeves-sweatshirts","7":"pa_brand-craft-retail-sportswear","8":"pa_brand-type-sportswear","9":"pa_filter-color-blau","10":"pa_filter-color-gruen","11":"pa_filter-color-orange","12":"pa_filter-color-schwarz","14":"first","15":"instock","16":"sale","17":"taxable","18":"shipping-taxable","19":"purchasable","20":"product-type-variable","21":"add-to-wishlist-before_image"},"exclude_global_add_ons":[],"addons":[],"acf":[],"_links":{"self":[{"href":"https:\/\/shop.kustom.ch\/fr\/wp-json\/wp\/v2\/product\/246187"}],"collection":[{"href":"https:\/\/shop.kustom.ch\/fr\/wp-json\/wp\/v2\/product"}],"about":[{"href":"https:\/\/shop.kustom.ch\/fr\/wp-json\/wp\/v2\/types\/product"}],"wp:featuredmedia":[{"embeddable":true,"href":"https:\/\/shop.kustom.ch\/fr\/wp-json\/wp\/v2\/media\/246188"}],"wp:attachment":[{"href":"https:\/\/shop.kustom.ch\/fr\/wp-json\/wp\/v2\/media?parent=246187"}],"wp:term":[{"taxonomy":"product_brand","embeddable":true,"href":"https:\/\/shop.kustom.ch\/fr\/wp-json\/wp\/v2\/product_brand?post=246187"},{"taxonomy":"product_cat","embeddable":true,"href":"https:\/\/shop.kustom.ch\/fr\/wp-json\/wp\/v2\/product_cat?post=246187"},{"taxonomy":"product_tag","embeddable":true,"href":"https:\/\/shop.kustom.ch\/fr\/wp-json\/wp\/v2\/product_tag?post=246187"}],"curies":[{"name":"wp","href":"https:\/\/api.w.org\/{rel}","templated":true}]}}