{"id":246114,"date":"2024-04-06T07:20:45","date_gmt":"2024-04-06T06:20:45","guid":{"rendered":"https:\/\/kustomshop.kinsta.cloud\/?post_type=product&#038;p=246114"},"modified":"2026-03-27T15:00:59","modified_gmt":"2026-03-27T14:00:59","slug":"adv-explore-tech-pants-m","status":"publish","type":"product","link":"https:\/\/shop.kustom.ch\/fr\/produit\/adv-explore-tech-pants-m\/","title":{"rendered":"ADV Explore Tech Pants M"},"content":{"rendered":"<p>Pantalon outdoor innovant en tissu stretch 4 directions avec int\u00e9rieur doux pour une libert\u00e9 de mouvement et un confort optimaux. Genoux pr\u00e9form\u00e9s, taille r\u00e9glable, passants pour ceinture et nombreuses poches avec fermeture \u00e9clair.<br \/>\n- stretch 4 directions pour une libert\u00e9 de mouvement optimale<br \/>\n- Deux poches sur les cuisses avec fermeture \u00e9clair<br \/>\n- ceinture r\u00e9glable par velcro<br \/>\n- genoux pr\u00e9form\u00e9s pour une meilleure libert\u00e9 de mouvement<br \/>\n- Poche arri\u00e8re avec fermeture \u00e9clair<br \/>\n- Passants de ceinture<br \/>\n- fermeture par bouton-pression<\/p>\n<p>Mati\u00e8re : 92% polyamide 8% \u00e9lasthanne<\/p>","protected":false},"excerpt":{"rendered":"<p>Innovative Outdoorhose aus 4-Wege-Stretch-Gewebe mit weicher Innenseite f\u00fcr optimale Bewegungsfreiheit und Tragekomfort. Vorgeformte Knie, verstellbarer Bund, G\u00fcrtelschlaufen und viele Taschen mit Reissverschluss. \u2022 4-wege stretch f\u00fcr optimale bewegungsfreiheit \u2022 Zwei taschen auf den oberschenkeln mit reissverschluss \u2022 Bund \u00fcber klettverschluss verstellbar \u2022 Vorgeformte knie f\u00fcr bessere bewegungsfreiheit \u2022 Ges\u00e4sstasche mit reissverschluss \u2022 G\u00fcrtelschlaufen \u2022 Druckknopfverschluss [&hellip;]<\/p>\n","protected":false},"featured_media":246168,"template":"","meta":[],"product_brand":[],"product_cat":[4185],"product_tag":[],"class_list":{"0":"post-246114","1":"product","2":"type-product","3":"status-publish","4":"has-post-thumbnail","6":"product_cat-hosen","7":"pa_brand-craft-retail-sportswear","8":"pa_brand-type-sportswear","9":"pa_filter-color-grau","10":"pa_filter-color-schwarz","12":"first","13":"instock","14":"sale","15":"taxable","16":"shipping-taxable","17":"purchasable","18":"product-type-variable","19":"add-to-wishlist-before_image"},"exclude_global_add_ons":[],"addons":[],"acf":[],"_links":{"self":[{"href":"https:\/\/shop.kustom.ch\/fr\/wp-json\/wp\/v2\/product\/246114"}],"collection":[{"href":"https:\/\/shop.kustom.ch\/fr\/wp-json\/wp\/v2\/product"}],"about":[{"href":"https:\/\/shop.kustom.ch\/fr\/wp-json\/wp\/v2\/types\/product"}],"wp:featuredmedia":[{"embeddable":true,"href":"https:\/\/shop.kustom.ch\/fr\/wp-json\/wp\/v2\/media\/246168"}],"wp:attachment":[{"href":"https:\/\/shop.kustom.ch\/fr\/wp-json\/wp\/v2\/media?parent=246114"}],"wp:term":[{"taxonomy":"product_brand","embeddable":true,"href":"https:\/\/shop.kustom.ch\/fr\/wp-json\/wp\/v2\/product_brand?post=246114"},{"taxonomy":"product_cat","embeddable":true,"href":"https:\/\/shop.kustom.ch\/fr\/wp-json\/wp\/v2\/product_cat?post=246114"},{"taxonomy":"product_tag","embeddable":true,"href":"https:\/\/shop.kustom.ch\/fr\/wp-json\/wp\/v2\/product_tag?post=246114"}],"curies":[{"name":"wp","href":"https:\/\/api.w.org\/{rel}","templated":true}]}}