{"id":246014,"date":"2024-04-06T07:17:48","date_gmt":"2024-04-06T06:17:48","guid":{"rendered":"https:\/\/kustomshop.kinsta.cloud\/?post_type=product&#038;p=246014"},"modified":"2026-03-27T13:15:09","modified_gmt":"2026-03-27T12:15:09","slug":"core-explore-isolate-jacket-m","status":"publish","type":"product","link":"https:\/\/shop.kustom.ch\/fr\/produit\/core-explore-isolate-jacket-m\/","title":{"rendered":"CORE Explore Isolate Jacket M"},"content":{"rendered":"<p>Faites briller votre logo les jours de grand froid avec la veste Core Explore Isolate. Cette veste chaude avec rembourrage thermique en polyester recycl\u00e9 dispose d'un empi\u00e8cement non piqu\u00e9, parfait pour apposer un logo. Un excellent choix pour la plupart des activit\u00e9s quotidiennes en plein air par temps froid. Deux poches lat\u00e9rales avec fermeture \u00e0 glissi\u00e8re. Coupe normale.<\/p>\n<p>- Rembourrage thermique \u00e0 large surpiq\u00fbre<br \/>\n- Rembourrage en polyester recycl\u00e9<br \/>\n- Insert non piqu\u00e9, parfait pour apposer un logo<br \/>\n- Deux poches lat\u00e9rales avec fermeture \u00e9clair<br \/>\n- Logo Craft sur la poitrine et logo \u00e0 six points dans le dos<br \/>\n- Coupe normale<\/p>\n<p>Mat\u00e9riau : Mat\u00e9riau : 100% polyamide Rembourrage : 100% polyester recycl\u00e9<\/p>","protected":false},"excerpt":{"rendered":"<p>Lassen Sie Ihr Logo an kalten Tagen mit dem Core Explore Isolate Jacket aufleuchten. Diese warme Jacke mit W\u00e4rmepolsterung aus Recyclingpolyester verf\u00fcgt \u00fcber einen ungesteppten Einsatz, der sich perfekt zum Anbringen eines Logos eignet. Eine hervorragende Wahl f\u00fcr die meisten Outdoor-Alltagsaktivit\u00e4ten bei kaltem Wetter. Zwei Seitentaschen mit Reissverschluss. Normale Passform. \u2022 Breit abgesteppte W\u00e4rmepolsterung \u2022 [&hellip;]<\/p>\n","protected":false},"featured_media":246070,"template":"","meta":[],"product_brand":[],"product_cat":[4186],"product_tag":[],"class_list":{"0":"post-246014","1":"product","2":"type-product","3":"status-publish","4":"has-post-thumbnail","6":"product_cat-jacken","7":"pa_brand-craft-retail-sportswear","8":"pa_brand-type-sportswear","9":"pa_filter-color-blau","10":"pa_filter-color-grau","11":"pa_filter-color-gruen","12":"pa_filter-color-rot","13":"pa_filter-color-schwarz","15":"first","16":"instock","17":"sale","18":"taxable","19":"shipping-taxable","20":"purchasable","21":"product-type-variable","22":"add-to-wishlist-before_image"},"exclude_global_add_ons":[],"addons":[],"acf":[],"_links":{"self":[{"href":"https:\/\/shop.kustom.ch\/fr\/wp-json\/wp\/v2\/product\/246014"}],"collection":[{"href":"https:\/\/shop.kustom.ch\/fr\/wp-json\/wp\/v2\/product"}],"about":[{"href":"https:\/\/shop.kustom.ch\/fr\/wp-json\/wp\/v2\/types\/product"}],"wp:featuredmedia":[{"embeddable":true,"href":"https:\/\/shop.kustom.ch\/fr\/wp-json\/wp\/v2\/media\/246070"}],"wp:attachment":[{"href":"https:\/\/shop.kustom.ch\/fr\/wp-json\/wp\/v2\/media?parent=246014"}],"wp:term":[{"taxonomy":"product_brand","embeddable":true,"href":"https:\/\/shop.kustom.ch\/fr\/wp-json\/wp\/v2\/product_brand?post=246014"},{"taxonomy":"product_cat","embeddable":true,"href":"https:\/\/shop.kustom.ch\/fr\/wp-json\/wp\/v2\/product_cat?post=246014"},{"taxonomy":"product_tag","embeddable":true,"href":"https:\/\/shop.kustom.ch\/fr\/wp-json\/wp\/v2\/product_tag?post=246014"}],"curies":[{"name":"wp","href":"https:\/\/api.w.org\/{rel}","templated":true}]}}