{"id":235752,"date":"2024-03-30T20:16:43","date_gmt":"2024-03-30T19:16:43","guid":{"rendered":"https:\/\/kustomshop.kinsta.cloud\/?post_type=product&#038;p=235752"},"modified":"2025-05-09T10:25:39","modified_gmt":"2025-05-09T09:25:39","slug":"safety-goggles-uvex-9199-x-fit","status":"publish","type":"product","link":"https:\/\/shop.kustom.ch\/fr\/produit\/safety-goggles-uvex-9199-x-fit\/","title":{"rendered":"Lunettes de s\u00e9curit\u00e9 Uvex 9199 X-Fit"},"content":{"rendered":"<p>Lunettes de s\u00e9curit\u00e9 sportives avec une protection optimale des yeux.Uvex X-Fit ne p\u00e8se que 23 grammes.Lentilles en PC transparent sans m\u00e9tal.Protection UV400 fiable.Avec Uvex Supravision Excellence pour l'antibu\u00e9e \u00e0 l'int\u00e9rieur du verre et une haute r\u00e9sistance aux rayures \u00e0 l'ext\u00e9rieur.Conforme aux normes EN 166 - Protection oculaire personnelle et EN 170 - Filtres ultraviolets, \u00e9tiquetage : W 166 FT CE - 2C-1,2 W 1 FTK CE<\/p>","protected":false},"excerpt":{"rendered":"<p>Sporty safety spectacles with optimal eye coverage.The Uvex X-Fit weighs just 23 grams.Metal-freeClear PC lens.Reliable UV400 protection.With Uvex Supravision Excellence for anti-fogging on the inside of the glass and high scratch resistance on the outside.Complies with EN 166 &#8211; Personal eye protection and EN 170 &#8211; Ultraviolet filters, labelling: W 166 FT CE &#8211; 2C-1,2 [&hellip;]<\/p>\n","protected":false},"featured_media":240030,"template":"","meta":[],"product_brand":[],"product_cat":[9643,4209],"product_tag":[],"class_list":{"0":"post-235752","1":"product","2":"type-product","3":"status-publish","4":"has-post-thumbnail","6":"product_cat-equipment","7":"product_cat-zubehoer","8":"pa_brand-type-workwear","9":"pa_filter-color-gelb","10":"pa_filter-color-grau","12":"first","13":"instock","14":"taxable","15":"shipping-taxable","16":"purchasable","17":"product-type-variable","18":"add-to-wishlist-before_image"},"exclude_global_add_ons":[],"addons":[],"acf":[],"_links":{"self":[{"href":"https:\/\/shop.kustom.ch\/fr\/wp-json\/wp\/v2\/product\/235752"}],"collection":[{"href":"https:\/\/shop.kustom.ch\/fr\/wp-json\/wp\/v2\/product"}],"about":[{"href":"https:\/\/shop.kustom.ch\/fr\/wp-json\/wp\/v2\/types\/product"}],"wp:featuredmedia":[{"embeddable":true,"href":"https:\/\/shop.kustom.ch\/fr\/wp-json\/wp\/v2\/media\/240030"}],"wp:attachment":[{"href":"https:\/\/shop.kustom.ch\/fr\/wp-json\/wp\/v2\/media?parent=235752"}],"wp:term":[{"taxonomy":"product_brand","embeddable":true,"href":"https:\/\/shop.kustom.ch\/fr\/wp-json\/wp\/v2\/product_brand?post=235752"},{"taxonomy":"product_cat","embeddable":true,"href":"https:\/\/shop.kustom.ch\/fr\/wp-json\/wp\/v2\/product_cat?post=235752"},{"taxonomy":"product_tag","embeddable":true,"href":"https:\/\/shop.kustom.ch\/fr\/wp-json\/wp\/v2\/product_tag?post=235752"}],"curies":[{"name":"wp","href":"https:\/\/api.w.org\/{rel}","templated":true}]}}