{"id":235659,"date":"2024-03-30T20:12:55","date_gmt":"2024-03-30T19:12:55","guid":{"rendered":"https:\/\/kustomshop.kinsta.cloud\/?post_type=product&#038;p=235659"},"modified":"2025-05-09T10:15:21","modified_gmt":"2025-05-09T09:15:21","slug":"uvex-9194-i-work","status":"publish","type":"product","link":"https:\/\/shop.kustom.ch\/fr\/produit\/uvex-9194-i-work\/","title":{"rendered":"Uvex 9194 i-Work"},"content":{"rendered":"<p>. Lentille en polycarbonate. Adaptation unique offrant une bonne protection... Les extr\u00e9mit\u00e9s souples du temple maintiennent l'embout en place. Ouvertures dans les extr\u00e9mit\u00e9s du temple pour le serrage des verres. UV 400 fournit une protection UV 100%. Supra Vision ExcellenceCompl\u00e8te la norme EN 166, classe 1FT, K, N. Clair et jaune EN 170. Gris EN 172.<\/p>","protected":false},"excerpt":{"rendered":"<p>. Lentille en polycarbonate. Adaptation unique offrant une bonne protection... Les extr\u00e9mit\u00e9s souples du temple maintiennent l'embout en place. Ouvertures dans les extr\u00e9mit\u00e9s du temple pour le serrage des verres. UV 400 fournit une protection UV 100%. Supra Vision ExcellenceCompl\u00e8te la norme EN 166, classe 1FT, K, N. Clair et jaune EN 170. Gris EN 172.<\/p>","protected":false},"featured_media":0,"template":"","meta":[],"product_brand":[],"product_cat":[9643,4209],"product_tag":[],"class_list":{"0":"post-235659","1":"product","2":"type-product","3":"status-publish","5":"product_cat-equipment","6":"product_cat-zubehoer","7":"pa_brand-type-workwear","8":"pa_filter-color-gelb","9":"pa_filter-color-grau","11":"first","12":"instock","13":"taxable","14":"shipping-taxable","15":"purchasable","16":"product-type-variable","17":"add-to-wishlist-before_image"},"exclude_global_add_ons":[],"addons":[],"acf":[],"_links":{"self":[{"href":"https:\/\/shop.kustom.ch\/fr\/wp-json\/wp\/v2\/product\/235659"}],"collection":[{"href":"https:\/\/shop.kustom.ch\/fr\/wp-json\/wp\/v2\/product"}],"about":[{"href":"https:\/\/shop.kustom.ch\/fr\/wp-json\/wp\/v2\/types\/product"}],"wp:attachment":[{"href":"https:\/\/shop.kustom.ch\/fr\/wp-json\/wp\/v2\/media?parent=235659"}],"wp:term":[{"taxonomy":"product_brand","embeddable":true,"href":"https:\/\/shop.kustom.ch\/fr\/wp-json\/wp\/v2\/product_brand?post=235659"},{"taxonomy":"product_cat","embeddable":true,"href":"https:\/\/shop.kustom.ch\/fr\/wp-json\/wp\/v2\/product_cat?post=235659"},{"taxonomy":"product_tag","embeddable":true,"href":"https:\/\/shop.kustom.ch\/fr\/wp-json\/wp\/v2\/product_tag?post=235659"}],"curies":[{"name":"wp","href":"https:\/\/api.w.org\/{rel}","templated":true}]}}