{"id":212188,"date":"2024-03-27T13:43:03","date_gmt":"2024-03-27T12:43:03","guid":{"rendered":"https:\/\/kustomshop.kinsta.cloud\/?post_type=product&#038;p=212188"},"modified":"2025-04-01T12:29:39","modified_gmt":"2025-04-01T11:29:39","slug":"svri-armsleeve-2","status":"publish","type":"product","link":"https:\/\/shop.kustom.ch\/fr\/produit\/svri-armsleeve-2\/","title":{"rendered":"Manchon de bras SVRI"},"content":{"rendered":"<p>Des manches longues faciles et rapides pour ton maillot ou ton t-shirt de course.<\/p>\n<p>Mati\u00e8re \u00e9vacuant l'humidit\u00e9<\/p>\n<p>Coupe ajust\u00e9e<\/p>\n<p>Poignets \u00e9lastiques<\/p>\n<p>Coutures plates pour un confort sans frottement<\/p>\n<p>Logo r\u00e9fl\u00e9chissant<\/p>\n<p>Imprimable individuellement<\/p>\n<p>Mati\u00e8re : 95% polyamide, 3% caoutchouc, 2% \u00e9lasthanne<\/p>\n<p>Mat\u00e9riau : polyester 100%<\/p>\n<p>Inserts : 100% polyester<\/p>","protected":false},"excerpt":{"rendered":"<p data-pm-slice=\"1 1 []\">Taille S pour les femmes et les jeunes aux bras fins, taille L pour les hommes ou les femmes aux bras forts.<\/p>","protected":false},"featured_media":135148,"template":"","meta":[],"product_brand":[],"product_cat":[6440],"product_tag":[],"class_list":{"0":"post-212188","1":"product","2":"type-product","3":"status-publish","4":"has-post-thumbnail","6":"product_cat-svri-spieler","8":"first","9":"onbackorder","10":"taxable","11":"shipping-taxable","12":"purchasable","13":"product-type-variable","14":"add-to-wishlist-before_image"},"exclude_global_add_ons":[],"addons":[],"acf":[],"_links":{"self":[{"href":"https:\/\/shop.kustom.ch\/fr\/wp-json\/wp\/v2\/product\/212188"}],"collection":[{"href":"https:\/\/shop.kustom.ch\/fr\/wp-json\/wp\/v2\/product"}],"about":[{"href":"https:\/\/shop.kustom.ch\/fr\/wp-json\/wp\/v2\/types\/product"}],"wp:featuredmedia":[{"embeddable":true,"href":"https:\/\/shop.kustom.ch\/fr\/wp-json\/wp\/v2\/media\/135148"}],"wp:attachment":[{"href":"https:\/\/shop.kustom.ch\/fr\/wp-json\/wp\/v2\/media?parent=212188"}],"wp:term":[{"taxonomy":"product_brand","embeddable":true,"href":"https:\/\/shop.kustom.ch\/fr\/wp-json\/wp\/v2\/product_brand?post=212188"},{"taxonomy":"product_cat","embeddable":true,"href":"https:\/\/shop.kustom.ch\/fr\/wp-json\/wp\/v2\/product_cat?post=212188"},{"taxonomy":"product_tag","embeddable":true,"href":"https:\/\/shop.kustom.ch\/fr\/wp-json\/wp\/v2\/product_tag?post=212188"}],"curies":[{"name":"wp","href":"https:\/\/api.w.org\/{rel}","templated":true}]}}