{"id":212042,"date":"2024-03-27T13:37:49","date_gmt":"2024-03-27T12:37:49","guid":{"rendered":"https:\/\/kustomshop.kinsta.cloud\/?post_type=product&#038;p=212042"},"modified":"2024-03-27T13:38:33","modified_gmt":"2024-03-27T12:38:33","slug":"freizeitjacke-challenge-mit-kapuze-3","status":"publish","type":"product","link":"https:\/\/shop.kustom.ch\/fr\/produit\/freizeitjacke-challenge-mit-kapuze-3\/","title":{"rendered":"Veste de loisirs Challenge avec capuche"},"content":{"rendered":"<p>polyester double knit<\/p>\n<p>Aspect m\u00e9lang\u00e9 moderne<\/p>\n<p>Poches lat\u00e9rales avec fermeture \u00e9clair cach\u00e9e<\/p>\n<p>bande contrast\u00e9e sur l'\u00e9paule<\/p>\n<p>Bande lat\u00e9rale contrast\u00e9e<\/p>\n<p>Dos rallong\u00e9<\/p>\n<p>Label Teamline<\/p>\n<p>100 % Polyester<\/p>","protected":false},"excerpt":{"rendered":"<p>gris clair chin\u00e9\/anthra light<\/p>","protected":false},"featured_media":134458,"template":"","meta":[],"product_brand":[],"product_cat":[6438],"product_tag":[],"class_list":{"0":"post-212042","1":"product","2":"type-product","3":"status-publish","4":"has-post-thumbnail","6":"product_cat-projektwoche-ch","8":"first","9":"instock","10":"taxable","11":"shipping-taxable","12":"purchasable","13":"product-type-variable","14":"add-to-wishlist-before_image"},"exclude_global_add_ons":[],"addons":[],"acf":[],"_links":{"self":[{"href":"https:\/\/shop.kustom.ch\/fr\/wp-json\/wp\/v2\/product\/212042"}],"collection":[{"href":"https:\/\/shop.kustom.ch\/fr\/wp-json\/wp\/v2\/product"}],"about":[{"href":"https:\/\/shop.kustom.ch\/fr\/wp-json\/wp\/v2\/types\/product"}],"wp:featuredmedia":[{"embeddable":true,"href":"https:\/\/shop.kustom.ch\/fr\/wp-json\/wp\/v2\/media\/134458"}],"wp:attachment":[{"href":"https:\/\/shop.kustom.ch\/fr\/wp-json\/wp\/v2\/media?parent=212042"}],"wp:term":[{"taxonomy":"product_brand","embeddable":true,"href":"https:\/\/shop.kustom.ch\/fr\/wp-json\/wp\/v2\/product_brand?post=212042"},{"taxonomy":"product_cat","embeddable":true,"href":"https:\/\/shop.kustom.ch\/fr\/wp-json\/wp\/v2\/product_cat?post=212042"},{"taxonomy":"product_tag","embeddable":true,"href":"https:\/\/shop.kustom.ch\/fr\/wp-json\/wp\/v2\/product_tag?post=212042"}],"curies":[{"name":"wp","href":"https:\/\/api.w.org\/{rel}","templated":true}]}}