{"id":211378,"date":"2024-03-27T13:25:18","date_gmt":"2024-03-27T12:25:18","guid":{"rendered":"https:\/\/kustomshop.kinsta.cloud\/?post_type=product&#038;p=211378"},"modified":"2024-03-27T13:25:39","modified_gmt":"2024-03-27T12:25:39","slug":"short-challenge-2","status":"publish","type":"product","link":"https:\/\/shop.kustom.ch\/fr\/produit\/short-challenge-2\/","title":{"rendered":"Short Challenge"},"content":{"rendered":"<p>polyester double knit<\/p>\n<p>Aspect m\u00e9lang\u00e9 moderne<\/p>\n<p>Coupe sportive<\/p>\n<p>Poches lat\u00e9rales avec fermeture \u00e9clair cach\u00e9e<\/p>\n<p>Ceinture \u00e9lastique avec cordon de serrage<\/p>\n<p>Label Teamline<\/p>\n<p>100 % Polyester<\/p>","protected":false},"excerpt":{"rendered":"<p>noir chin\u00e9<\/p>","protected":false},"featured_media":135077,"template":"","meta":[],"product_brand":[],"product_cat":[6438],"product_tag":[],"class_list":{"0":"post-211378","1":"product","2":"type-product","3":"status-publish","4":"has-post-thumbnail","6":"product_cat-projektwoche-ch","8":"first","9":"instock","10":"taxable","11":"shipping-taxable","12":"purchasable","13":"product-type-variable","14":"add-to-wishlist-before_image"},"exclude_global_add_ons":[],"addons":[],"acf":[],"_links":{"self":[{"href":"https:\/\/shop.kustom.ch\/fr\/wp-json\/wp\/v2\/product\/211378"}],"collection":[{"href":"https:\/\/shop.kustom.ch\/fr\/wp-json\/wp\/v2\/product"}],"about":[{"href":"https:\/\/shop.kustom.ch\/fr\/wp-json\/wp\/v2\/types\/product"}],"wp:featuredmedia":[{"embeddable":true,"href":"https:\/\/shop.kustom.ch\/fr\/wp-json\/wp\/v2\/media\/135077"}],"wp:attachment":[{"href":"https:\/\/shop.kustom.ch\/fr\/wp-json\/wp\/v2\/media?parent=211378"}],"wp:term":[{"taxonomy":"product_brand","embeddable":true,"href":"https:\/\/shop.kustom.ch\/fr\/wp-json\/wp\/v2\/product_brand?post=211378"},{"taxonomy":"product_cat","embeddable":true,"href":"https:\/\/shop.kustom.ch\/fr\/wp-json\/wp\/v2\/product_cat?post=211378"},{"taxonomy":"product_tag","embeddable":true,"href":"https:\/\/shop.kustom.ch\/fr\/wp-json\/wp\/v2\/product_tag?post=211378"}],"curies":[{"name":"wp","href":"https:\/\/api.w.org\/{rel}","templated":true}]}}