{"id":211170,"date":"2024-03-27T13:15:02","date_gmt":"2024-03-27T12:15:02","guid":{"rendered":"https:\/\/kustomshop.kinsta.cloud\/produkt\/lcb-promo-t-shirt-unisex-2\/"},"modified":"2026-03-14T09:39:29","modified_gmt":"2026-03-14T08:39:29","slug":"lcb-promo-t-shirt-unisex-2","status":"publish","type":"product","link":"https:\/\/shop.kustom.ch\/fr\/produit\/lcb-promo-t-shirt-unisex-2\/","title":{"rendered":"T-shirt promotionnel LCB unisexe"},"content":{"rendered":"<p>Le compagnon id\u00e9al pour le sport et les loisirs.<\/p>\n<p>Agr\u00e9able \u00e0 porter gr\u00e2ce au coton doux pour la peau<\/p>\n<p>Poids : env. 160 g\/m<\/p>\n<p>Mati\u00e8re : 100% coton<\/p>\n<p>Mati\u00e8re : 80% coton, 20% polyester<\/p>","protected":false},"excerpt":{"rendered":"<p>blanc<\/p>","protected":false},"featured_media":134048,"template":"","meta":[],"product_brand":[],"product_cat":[6435],"product_tag":[],"class_list":{"0":"post-211170","1":"product","2":"type-product","3":"status-publish","4":"has-post-thumbnail","6":"product_cat-lc-bruehl","8":"first","9":"instock","10":"taxable","11":"shipping-taxable","12":"purchasable","13":"product-type-variable","14":"add-to-wishlist-before_image"},"exclude_global_add_ons":[],"addons":[],"acf":[],"_links":{"self":[{"href":"https:\/\/shop.kustom.ch\/fr\/wp-json\/wp\/v2\/product\/211170"}],"collection":[{"href":"https:\/\/shop.kustom.ch\/fr\/wp-json\/wp\/v2\/product"}],"about":[{"href":"https:\/\/shop.kustom.ch\/fr\/wp-json\/wp\/v2\/types\/product"}],"wp:featuredmedia":[{"embeddable":true,"href":"https:\/\/shop.kustom.ch\/fr\/wp-json\/wp\/v2\/media\/134048"}],"wp:attachment":[{"href":"https:\/\/shop.kustom.ch\/fr\/wp-json\/wp\/v2\/media?parent=211170"}],"wp:term":[{"taxonomy":"product_brand","embeddable":true,"href":"https:\/\/shop.kustom.ch\/fr\/wp-json\/wp\/v2\/product_brand?post=211170"},{"taxonomy":"product_cat","embeddable":true,"href":"https:\/\/shop.kustom.ch\/fr\/wp-json\/wp\/v2\/product_cat?post=211170"},{"taxonomy":"product_tag","embeddable":true,"href":"https:\/\/shop.kustom.ch\/fr\/wp-json\/wp\/v2\/product_tag?post=211170"}],"curies":[{"name":"wp","href":"https:\/\/api.w.org\/{rel}","templated":true}]}}