{"id":211166,"date":"2024-03-27T13:14:58","date_gmt":"2024-03-27T12:14:58","guid":{"rendered":"https:\/\/kustomshop.kinsta.cloud\/produkt\/lcb-change-by-erima-praesentationshose\/"},"modified":"2026-01-11T21:41:02","modified_gmt":"2026-01-11T20:41:02","slug":"lcb-change-by-erima-praesentationshose","status":"publish","type":"product","link":"https:\/\/shop.kustom.ch\/fr\/produit\/lcb-change-by-erima-praesentationshose\/","title":{"rendered":"Pantalon de pr\u00e9sentation LCB CHANGE by Erima"},"content":{"rendered":"<p>Pantalon l\u00e9ger et respirant.<\/p>\n<p>Mat\u00e9riau fonctionnel l\u00e9ger et \u00e9lastique pour une r\u00e9gulation optimale de la temp\u00e9rature<\/p>\n<p>Inserts lat\u00e9raux en stretch pour une plus grande libert\u00e9 de mouvement<\/p>\n<p>Large ceinture avec cordon de serrage<\/p>\n<p>Poignets flexibles et fermeture \u00e9clair \u00e0 la cheville<\/p>\n<p>Poches lat\u00e9rales zipp\u00e9es<\/p>\n<p>Sans doublure<\/p>\n<p>Mat\u00e9riau : polyester 100%<\/p>\n<p>Inserts : 93% polyamide, 7% \u00e9lasthanne<\/p>\n<p>Mat\u00e9riau : polyester 100%<\/p>","protected":false},"excerpt":{"rendered":"<p>noir<\/p>","protected":false},"featured_media":134032,"template":"","meta":[],"product_brand":[],"product_cat":[6435],"product_tag":[],"class_list":{"0":"post-211166","1":"product","2":"type-product","3":"status-publish","4":"has-post-thumbnail","6":"product_cat-lc-bruehl","8":"first","9":"instock","10":"taxable","11":"shipping-taxable","12":"purchasable","13":"product-type-variable","14":"add-to-wishlist-before_image"},"exclude_global_add_ons":[],"addons":[],"acf":[],"_links":{"self":[{"href":"https:\/\/shop.kustom.ch\/fr\/wp-json\/wp\/v2\/product\/211166"}],"collection":[{"href":"https:\/\/shop.kustom.ch\/fr\/wp-json\/wp\/v2\/product"}],"about":[{"href":"https:\/\/shop.kustom.ch\/fr\/wp-json\/wp\/v2\/types\/product"}],"wp:featuredmedia":[{"embeddable":true,"href":"https:\/\/shop.kustom.ch\/fr\/wp-json\/wp\/v2\/media\/134032"}],"wp:attachment":[{"href":"https:\/\/shop.kustom.ch\/fr\/wp-json\/wp\/v2\/media?parent=211166"}],"wp:term":[{"taxonomy":"product_brand","embeddable":true,"href":"https:\/\/shop.kustom.ch\/fr\/wp-json\/wp\/v2\/product_brand?post=211166"},{"taxonomy":"product_cat","embeddable":true,"href":"https:\/\/shop.kustom.ch\/fr\/wp-json\/wp\/v2\/product_cat?post=211166"},{"taxonomy":"product_tag","embeddable":true,"href":"https:\/\/shop.kustom.ch\/fr\/wp-json\/wp\/v2\/product_tag?post=211166"}],"curies":[{"name":"wp","href":"https:\/\/api.w.org\/{rel}","templated":true}]}}