{"id":211156,"date":"2024-03-27T13:14:48","date_gmt":"2024-03-27T12:14:48","guid":{"rendered":"https:\/\/kustomshop.kinsta.cloud\/produkt\/lcb-six-wings-rucksack-2\/"},"modified":"2025-12-05T19:27:52","modified_gmt":"2025-12-05T18:27:52","slug":"lcb-six-wings-rucksack-2","status":"publish","type":"product","link":"https:\/\/shop.kustom.ch\/fr\/produit\/lcb-six-wings-rucksack-2\/","title":{"rendered":"Sac \u00e0 dos LCB Six Wings"},"content":{"rendered":"<p>Avec le sac \u00e0 dos Erima Six Wings, tu obtiens un sac \u00e0 dos multifonctionnel pour le sport. Le sac \u00e0 dos Erima est disponible en diff\u00e9rentes couleurs et poss\u00e8de un grand compartiment principal. Le point fort du sac \u00e0 dos multifonctionnel de la ligne Six Wings est son compartiment inf\u00e9rieur s\u00e9par\u00e9.<\/p>\n<p>Informations sur le sac \u00e0 dos Erima Six Wings avec compartiment inf\u00e9rieur :<\/p>\n<p>Sac \u00e0 dos sportif et multifonctionnel<\/p>\n<p>surface libre pour les impressions<\/p>\n<p>Compartiment \u00e0 chaussures ou compartiment au sol<\/p>\n<p>Sac \u00e0 balles en maille filet<\/p>\n<p>double fermeture \u00e9clair sur le grand compartiment principal<\/p>\n<p>Rembourrage des bretelles<\/p>\n<p>Taille 30x18x45 cm = env. 25L de volume<\/p>\n<p>Poches lat\u00e9rales en mesh<\/p>","protected":false},"excerpt":{"rendered":"<p>Mit dem Erima Six Wings Rucksack bekommst du einen Multifunktionsrucksack f\u00fcr den Sportbereich. Den Erima Rucksack bekommst du in unterschiedlichen Farben und mit einem grossen Hauptfach. Highlight beim Multifunktionsrucksack der Six Wings Linie ist das separate Bodenfach. Informationen zum Erima Six Wings Rucksack mit Bodenfach: Sport und Multifunktionsrucksack freie Fl\u00e4che f\u00fcr Bedruckungen Schuhfach oder Bodenfach [&hellip;]<\/p>\n","protected":false},"featured_media":619057,"template":"","meta":[],"product_brand":[],"product_cat":[6435],"product_tag":[],"class_list":{"0":"post-211156","1":"product","2":"type-product","3":"status-publish","4":"has-post-thumbnail","6":"product_cat-lc-bruehl","8":"first","9":"instock","10":"taxable","11":"shipping-taxable","12":"purchasable","13":"product-type-variable","14":"add-to-wishlist-before_image"},"exclude_global_add_ons":[],"addons":[],"acf":[],"_links":{"self":[{"href":"https:\/\/shop.kustom.ch\/fr\/wp-json\/wp\/v2\/product\/211156"}],"collection":[{"href":"https:\/\/shop.kustom.ch\/fr\/wp-json\/wp\/v2\/product"}],"about":[{"href":"https:\/\/shop.kustom.ch\/fr\/wp-json\/wp\/v2\/types\/product"}],"wp:featuredmedia":[{"embeddable":true,"href":"https:\/\/shop.kustom.ch\/fr\/wp-json\/wp\/v2\/media\/619057"}],"wp:attachment":[{"href":"https:\/\/shop.kustom.ch\/fr\/wp-json\/wp\/v2\/media?parent=211156"}],"wp:term":[{"taxonomy":"product_brand","embeddable":true,"href":"https:\/\/shop.kustom.ch\/fr\/wp-json\/wp\/v2\/product_brand?post=211156"},{"taxonomy":"product_cat","embeddable":true,"href":"https:\/\/shop.kustom.ch\/fr\/wp-json\/wp\/v2\/product_cat?post=211156"},{"taxonomy":"product_tag","embeddable":true,"href":"https:\/\/shop.kustom.ch\/fr\/wp-json\/wp\/v2\/product_tag?post=211156"}],"curies":[{"name":"wp","href":"https:\/\/api.w.org\/{rel}","templated":true}]}}