{"id":210897,"date":"2024-03-27T13:04:08","date_gmt":"2024-03-27T12:04:08","guid":{"rendered":"https:\/\/kustomshop.kinsta.cloud\/?post_type=product&#038;p=210897"},"modified":"2026-01-26T22:25:35","modified_gmt":"2026-01-26T21:25:35","slug":"fch-sweat-power","status":"publish","type":"product","link":"https:\/\/shop.kustom.ch\/fr\/produit\/fch-sweat-power\/","title":{"rendered":"Sweat Power de la FCH"},"content":{"rendered":"<p>Le mat\u00e9riau du corps du Sweat Power est compos\u00e9 \u00e0 100 % de polyester recycl\u00e9.<\/p>\n<p>Les manches sont particuli\u00e8rement \u00e9lastiques gr\u00e2ce au m\u00e9lange de polyester et d'\u00e9lasthanne et offrent une libert\u00e9 de mouvement suffisante.<\/p>\n<p>Parmi les d\u00e9tails particuliers du sweat Power JAKO, on trouve l'empi\u00e8cement contrast\u00e9 en structure alv\u00e9olaire, l'\u00e9tiquette Teamline et l'optique en nid d'abeille.<\/p>","protected":false},"excerpt":{"rendered":"<p>Mati\u00e8re : 100 % polyester (recycl\u00e9) \/ Manches : 93 % polyester (recycl\u00e9), 7 % \u00e9lasthanne<\/p>\n<p>couleur : noir\/citro<\/p>","protected":false},"featured_media":133844,"template":"","meta":[],"product_brand":[],"product_cat":[6430],"product_tag":[],"class_list":{"0":"post-210897","1":"product","2":"type-product","3":"status-publish","4":"has-post-thumbnail","6":"product_cat-fc-heiden","8":"first","9":"instock","10":"taxable","11":"shipping-taxable","12":"purchasable","13":"product-type-variable","14":"add-to-wishlist-before_image"},"exclude_global_add_ons":[],"addons":[],"acf":[],"_links":{"self":[{"href":"https:\/\/shop.kustom.ch\/fr\/wp-json\/wp\/v2\/product\/210897"}],"collection":[{"href":"https:\/\/shop.kustom.ch\/fr\/wp-json\/wp\/v2\/product"}],"about":[{"href":"https:\/\/shop.kustom.ch\/fr\/wp-json\/wp\/v2\/types\/product"}],"wp:featuredmedia":[{"embeddable":true,"href":"https:\/\/shop.kustom.ch\/fr\/wp-json\/wp\/v2\/media\/133844"}],"wp:attachment":[{"href":"https:\/\/shop.kustom.ch\/fr\/wp-json\/wp\/v2\/media?parent=210897"}],"wp:term":[{"taxonomy":"product_brand","embeddable":true,"href":"https:\/\/shop.kustom.ch\/fr\/wp-json\/wp\/v2\/product_brand?post=210897"},{"taxonomy":"product_cat","embeddable":true,"href":"https:\/\/shop.kustom.ch\/fr\/wp-json\/wp\/v2\/product_cat?post=210897"},{"taxonomy":"product_tag","embeddable":true,"href":"https:\/\/shop.kustom.ch\/fr\/wp-json\/wp\/v2\/product_tag?post=210897"}],"curies":[{"name":"wp","href":"https:\/\/api.w.org\/{rel}","templated":true}]}}