{"id":210874,"date":"2024-03-27T13:03:45","date_gmt":"2024-03-27T12:03:45","guid":{"rendered":"https:\/\/kustomshop.kinsta.cloud\/?post_type=product&#038;p=210874"},"modified":"2025-09-04T15:06:44","modified_gmt":"2025-09-04T14:06:44","slug":"fch-ziptop-power","status":"publish","type":"product","link":"https:\/\/shop.kustom.ch\/fr\/produit\/fch-ziptop-power\/","title":{"rendered":"FCH Ziptop Power"},"content":{"rendered":"<p>L'empi\u00e8cement contrast\u00e9 en structure nid d'abeille conf\u00e8re au d\u00e9bardeur ziptop Power JAKO un look dynamique.<\/p>\n<p>Les manches sont compos\u00e9es d'un m\u00e9lange de polyester et d'\u00e9lasthanne tr\u00e8s \u00e9lastique et disposent d'un trou pour le pouce.<\/p>\n<p>Le mat\u00e9riau du body est particuli\u00e8rement l\u00e9ger et agr\u00e9able \u00e0 porter.<\/p>\n<p>Les fibres microfines transportent l'humidit\u00e9 directement \u00e0 la surface du tissu et ne laissent donc aucune chance \u00e0 la transpiration.<\/p>","protected":false},"excerpt":{"rendered":"<p>Mati\u00e8re : 100 % polyester (recycl\u00e9) \/ Manches : 93 % polyester (recycl\u00e9), 7 % \u00e9lasthanne<\/p>\n<p>couleur : noir\/citro<\/p>","protected":false},"featured_media":133867,"template":"","meta":[],"product_brand":[],"product_cat":[6430],"product_tag":[],"class_list":{"0":"post-210874","1":"product","2":"type-product","3":"status-publish","4":"has-post-thumbnail","6":"product_cat-fc-heiden","8":"first","9":"instock","10":"taxable","11":"shipping-taxable","12":"purchasable","13":"product-type-variable","14":"add-to-wishlist-before_image"},"exclude_global_add_ons":[],"addons":[],"acf":[],"_links":{"self":[{"href":"https:\/\/shop.kustom.ch\/fr\/wp-json\/wp\/v2\/product\/210874"}],"collection":[{"href":"https:\/\/shop.kustom.ch\/fr\/wp-json\/wp\/v2\/product"}],"about":[{"href":"https:\/\/shop.kustom.ch\/fr\/wp-json\/wp\/v2\/types\/product"}],"wp:featuredmedia":[{"embeddable":true,"href":"https:\/\/shop.kustom.ch\/fr\/wp-json\/wp\/v2\/media\/133867"}],"wp:attachment":[{"href":"https:\/\/shop.kustom.ch\/fr\/wp-json\/wp\/v2\/media?parent=210874"}],"wp:term":[{"taxonomy":"product_brand","embeddable":true,"href":"https:\/\/shop.kustom.ch\/fr\/wp-json\/wp\/v2\/product_brand?post=210874"},{"taxonomy":"product_cat","embeddable":true,"href":"https:\/\/shop.kustom.ch\/fr\/wp-json\/wp\/v2\/product_cat?post=210874"},{"taxonomy":"product_tag","embeddable":true,"href":"https:\/\/shop.kustom.ch\/fr\/wp-json\/wp\/v2\/product_tag?post=210874"}],"curies":[{"name":"wp","href":"https:\/\/api.w.org\/{rel}","templated":true}]}}