{"id":210873,"date":"2024-03-27T13:03:44","date_gmt":"2024-03-27T12:03:44","guid":{"rendered":"https:\/\/kustomshop.kinsta.cloud\/?post_type=product&#038;p=210873"},"modified":"2025-10-06T13:37:16","modified_gmt":"2025-10-06T12:37:16","slug":"fch-softshelljacke-light","status":"publish","type":"product","link":"https:\/\/shop.kustom.ch\/fr\/produit\/fch-softshelljacke-light\/","title":{"rendered":"Veste softshell PCH Light"},"content":{"rendered":"<p>Tissu ext\u00e9rieur r\u00e9sistant au vent et \u00e0 l'eau<\/p>\n<p>Bas de veste avec bande \u00e9lastique<\/p>\n<p>poche de poitrine avec fermeture \u00e0 glissi\u00e8re<\/p>\n<p>Poches lat\u00e9rales avec fermeture \u00e9clair<\/p>\n<p>Capuche avec cordon de serrage et stoppeurs<\/p>\n<p>D\u00e9tails en couleur contrast\u00e9e<\/p>\n<p>Garage Zipper<\/p>\n<p>Tissu ext\u00e9rieur : 92 % polyester, 8 % \u00e9lasthanne, 8000 mm PU, 5000 g\/m\u00b2\/24h<\/p>","protected":false},"excerpt":{"rendered":"<p>noir<\/p>","protected":false},"featured_media":133854,"template":"","meta":[],"product_brand":[],"product_cat":[6430],"product_tag":[],"class_list":{"0":"post-210873","1":"product","2":"type-product","3":"status-publish","4":"has-post-thumbnail","6":"product_cat-fc-heiden","8":"first","9":"instock","10":"taxable","11":"shipping-taxable","12":"purchasable","13":"product-type-variable","14":"add-to-wishlist-before_image"},"exclude_global_add_ons":[],"addons":[],"acf":[],"_links":{"self":[{"href":"https:\/\/shop.kustom.ch\/fr\/wp-json\/wp\/v2\/product\/210873"}],"collection":[{"href":"https:\/\/shop.kustom.ch\/fr\/wp-json\/wp\/v2\/product"}],"about":[{"href":"https:\/\/shop.kustom.ch\/fr\/wp-json\/wp\/v2\/types\/product"}],"wp:featuredmedia":[{"embeddable":true,"href":"https:\/\/shop.kustom.ch\/fr\/wp-json\/wp\/v2\/media\/133854"}],"wp:attachment":[{"href":"https:\/\/shop.kustom.ch\/fr\/wp-json\/wp\/v2\/media?parent=210873"}],"wp:term":[{"taxonomy":"product_brand","embeddable":true,"href":"https:\/\/shop.kustom.ch\/fr\/wp-json\/wp\/v2\/product_brand?post=210873"},{"taxonomy":"product_cat","embeddable":true,"href":"https:\/\/shop.kustom.ch\/fr\/wp-json\/wp\/v2\/product_cat?post=210873"},{"taxonomy":"product_tag","embeddable":true,"href":"https:\/\/shop.kustom.ch\/fr\/wp-json\/wp\/v2\/product_tag?post=210873"}],"curies":[{"name":"wp","href":"https:\/\/api.w.org\/{rel}","templated":true}]}}