{"id":210852,"date":"2024-03-27T13:03:19","date_gmt":"2024-03-27T12:03:19","guid":{"rendered":"https:\/\/kustomshop.kinsta.cloud\/?post_type=product&#038;p=210852"},"modified":"2025-10-08T12:08:43","modified_gmt":"2025-10-08T11:08:43","slug":"fch-allwetterjacke-power","status":"publish","type":"product","link":"https:\/\/shop.kustom.ch\/fr\/produit\/fch-allwetterjacke-power\/","title":{"rendered":"Veste tous temps FCH Power"},"content":{"rendered":"<p>Les mati\u00e8res fonctionnelles hydrofuges et les coutures principales scell\u00e9es prot\u00e8gent de l'humidit\u00e9 ind\u00e9sirable et garantissent un climat corporel agr\u00e9able dans la veste tous temps Power de JAKO.<\/p>\n<p>La veste tous temps Power est fabriqu\u00e9e en polyester 100% et m\u00eame les jours de temp\u00eate, elle r\u00e9siste gr\u00e2ce au laminage du tissu ext\u00e9rieur.<\/p>","protected":false},"excerpt":{"rendered":"<p>Mat\u00e9riau : 100 % polyester<\/p>\n<p>Caract\u00e9ristiques : 3000 mm PU\/3000 g\/m\u00b2\/24h<\/p>\n<p>couleur : gris pierre<\/p>","protected":false},"featured_media":133841,"template":"","meta":[],"product_brand":[],"product_cat":[6430],"product_tag":[],"class_list":{"0":"post-210852","1":"product","2":"type-product","3":"status-publish","4":"has-post-thumbnail","6":"product_cat-fc-heiden","8":"first","9":"instock","10":"taxable","11":"shipping-taxable","12":"purchasable","13":"product-type-variable","14":"add-to-wishlist-before_image"},"exclude_global_add_ons":[],"addons":[],"acf":[],"_links":{"self":[{"href":"https:\/\/shop.kustom.ch\/fr\/wp-json\/wp\/v2\/product\/210852"}],"collection":[{"href":"https:\/\/shop.kustom.ch\/fr\/wp-json\/wp\/v2\/product"}],"about":[{"href":"https:\/\/shop.kustom.ch\/fr\/wp-json\/wp\/v2\/types\/product"}],"wp:featuredmedia":[{"embeddable":true,"href":"https:\/\/shop.kustom.ch\/fr\/wp-json\/wp\/v2\/media\/133841"}],"wp:attachment":[{"href":"https:\/\/shop.kustom.ch\/fr\/wp-json\/wp\/v2\/media?parent=210852"}],"wp:term":[{"taxonomy":"product_brand","embeddable":true,"href":"https:\/\/shop.kustom.ch\/fr\/wp-json\/wp\/v2\/product_brand?post=210852"},{"taxonomy":"product_cat","embeddable":true,"href":"https:\/\/shop.kustom.ch\/fr\/wp-json\/wp\/v2\/product_cat?post=210852"},{"taxonomy":"product_tag","embeddable":true,"href":"https:\/\/shop.kustom.ch\/fr\/wp-json\/wp\/v2\/product_tag?post=210852"}],"curies":[{"name":"wp","href":"https:\/\/api.w.org\/{rel}","templated":true}]}}