{"id":210810,"date":"2024-03-27T13:02:30","date_gmt":"2024-03-27T12:02:30","guid":{"rendered":"https:\/\/kustomshop.kinsta.cloud\/?post_type=product&#038;p=210810"},"modified":"2025-12-05T20:40:04","modified_gmt":"2025-12-05T19:40:04","slug":"fch-kapuzensweat-power","status":"publish","type":"product","link":"https:\/\/shop.kustom.ch\/fr\/produit\/fch-kapuzensweat-power\/","title":{"rendered":"Sweat \u00e0 capuche FCH Power"},"content":{"rendered":"<p>Le coton issu de l'agriculture biologique contr\u00f4l\u00e9e donne au sweat \u00e0 capuche Power de JAKO un toucher extra doux.<\/p>\n<p>Le bas du sweat et les manches sont en c\u00f4te.<\/p>\n<p>De plus, il y a une poche plaqu\u00e9e au niveau du ventre et un empi\u00e8cement contrast\u00e9 en nid d'abeille.<\/p>\n<p>Un pr\u00e9traitement sp\u00e9cial permet d'\u00e9viter le r\u00e9tr\u00e9cissement du mat\u00e9riau.<\/p>\n<p>Pour des raisons de s\u00e9curit\u00e9, le sweat \u00e0 capuche des enfants ne comporte pas de cordon de serrage.<\/p>","protected":false},"excerpt":{"rendered":"<p>Mati\u00e8re : 70 % coton (bio), 30 % polyester (recycl\u00e9)<\/p>\n<p>couleur : gris pierre<\/p>","protected":false},"featured_media":133855,"template":"","meta":[],"product_brand":[],"product_cat":[6430],"product_tag":[],"class_list":{"0":"post-210810","1":"product","2":"type-product","3":"status-publish","4":"has-post-thumbnail","6":"product_cat-fc-heiden","8":"first","9":"instock","10":"taxable","11":"shipping-taxable","12":"purchasable","13":"product-type-variable","14":"add-to-wishlist-before_image"},"exclude_global_add_ons":[],"addons":[],"acf":[],"_links":{"self":[{"href":"https:\/\/shop.kustom.ch\/fr\/wp-json\/wp\/v2\/product\/210810"}],"collection":[{"href":"https:\/\/shop.kustom.ch\/fr\/wp-json\/wp\/v2\/product"}],"about":[{"href":"https:\/\/shop.kustom.ch\/fr\/wp-json\/wp\/v2\/types\/product"}],"wp:featuredmedia":[{"embeddable":true,"href":"https:\/\/shop.kustom.ch\/fr\/wp-json\/wp\/v2\/media\/133855"}],"wp:attachment":[{"href":"https:\/\/shop.kustom.ch\/fr\/wp-json\/wp\/v2\/media?parent=210810"}],"wp:term":[{"taxonomy":"product_brand","embeddable":true,"href":"https:\/\/shop.kustom.ch\/fr\/wp-json\/wp\/v2\/product_brand?post=210810"},{"taxonomy":"product_cat","embeddable":true,"href":"https:\/\/shop.kustom.ch\/fr\/wp-json\/wp\/v2\/product_cat?post=210810"},{"taxonomy":"product_tag","embeddable":true,"href":"https:\/\/shop.kustom.ch\/fr\/wp-json\/wp\/v2\/product_tag?post=210810"}],"curies":[{"name":"wp","href":"https:\/\/api.w.org\/{rel}","templated":true}]}}