{"id":210809,"date":"2024-03-27T13:02:29","date_gmt":"2024-03-27T12:02:29","guid":{"rendered":"https:\/\/kustomshop.kinsta.cloud\/?post_type=product&#038;p=210809"},"modified":"2025-12-07T19:44:09","modified_gmt":"2025-12-07T18:44:09","slug":"fch-freizeithose-power","status":"publish","type":"product","link":"https:\/\/shop.kustom.ch\/fr\/produit\/fch-freizeithose-power\/","title":{"rendered":"Pantalon de loisirs Power de la PCH"},"content":{"rendered":"<p>Le pantalon de loisirs JAKO Power associe un mat\u00e9riau \u00e9lastique \u00e0 une coupe moderne.<\/p>\n<p>Que ce soit pour les loisirs ou le sport, elle est toujours un bon compagnon.<\/p>\n<p>Le pantalon de loisirs est \u00e9quip\u00e9 d'une taille \u00e9lastique, d'un cordon de serrage, du branding JAKO et de fermetures \u00e9clair cach\u00e9es des poches lat\u00e9rales.<\/p>\n<p>Gr\u00e2ce \u00e0 la fonction Keep Dry, tu restes au sec et \u00e0 l'aise dans toutes tes activit\u00e9s.<\/p>\n<p>Le pantalon de loisirs Teamline Power est en polyester recycl\u00e9 100%. L'empi\u00e8cement contrast\u00e9 en structure nid d'abeille sur le c\u00f4t\u00e9 des jambes est un point fort.<\/p>","protected":false},"excerpt":{"rendered":"<p>Mati\u00e8re : 100 polyester % (recycl\u00e9)<\/p>\n<p>couleur : noir<\/p>","protected":false},"featured_media":133851,"template":"","meta":[],"product_brand":[],"product_cat":[6430],"product_tag":[],"class_list":{"0":"post-210809","1":"product","2":"type-product","3":"status-publish","4":"has-post-thumbnail","6":"product_cat-fc-heiden","8":"first","9":"instock","10":"taxable","11":"shipping-taxable","12":"purchasable","13":"product-type-variable","14":"add-to-wishlist-before_image"},"exclude_global_add_ons":[],"addons":[],"acf":[],"_links":{"self":[{"href":"https:\/\/shop.kustom.ch\/fr\/wp-json\/wp\/v2\/product\/210809"}],"collection":[{"href":"https:\/\/shop.kustom.ch\/fr\/wp-json\/wp\/v2\/product"}],"about":[{"href":"https:\/\/shop.kustom.ch\/fr\/wp-json\/wp\/v2\/types\/product"}],"wp:featuredmedia":[{"embeddable":true,"href":"https:\/\/shop.kustom.ch\/fr\/wp-json\/wp\/v2\/media\/133851"}],"wp:attachment":[{"href":"https:\/\/shop.kustom.ch\/fr\/wp-json\/wp\/v2\/media?parent=210809"}],"wp:term":[{"taxonomy":"product_brand","embeddable":true,"href":"https:\/\/shop.kustom.ch\/fr\/wp-json\/wp\/v2\/product_brand?post=210809"},{"taxonomy":"product_cat","embeddable":true,"href":"https:\/\/shop.kustom.ch\/fr\/wp-json\/wp\/v2\/product_cat?post=210809"},{"taxonomy":"product_tag","embeddable":true,"href":"https:\/\/shop.kustom.ch\/fr\/wp-json\/wp\/v2\/product_tag?post=210809"}],"curies":[{"name":"wp","href":"https:\/\/api.w.org\/{rel}","templated":true}]}}