{"id":210789,"date":"2024-03-27T13:02:07","date_gmt":"2024-03-27T12:02:07","guid":{"rendered":"https:\/\/kustomshop.kinsta.cloud\/?post_type=product&#038;p=210789"},"modified":"2025-09-04T15:06:46","modified_gmt":"2025-09-04T14:06:46","slug":"fch-polo-power","status":"publish","type":"product","link":"https:\/\/shop.kustom.ch\/fr\/produit\/fch-polo-power\/","title":{"rendered":"PCH Polo Power"},"content":{"rendered":"<p>Le mat\u00e9riau r\u00e9sistant et la protection contre le r\u00e9tr\u00e9cissement gr\u00e2ce \u00e0 un pr\u00e9traitement sp\u00e9cial offrent une utilisation compl\u00e8te du Polo Powers JAKO pour toutes les activit\u00e9s de loisirs.<\/p>\n<p>Le m\u00e9lange de coton bio et de polyester donne au polo de la Teamline Power un toucher particuli\u00e8rement doux.<\/p>\n<p>L'empi\u00e8cement contrast\u00e9 en structure nid d'abeille pr\u00e9sente des d\u00e9tails dynamiques.<\/p>\n<p>Ce polo te donne bonne mine en toute occasion et se combine id\u00e9alement avec les pantalons de sport Teamline Power.<\/p>","protected":false},"excerpt":{"rendered":"<p>Mati\u00e8re : 70 % coton (bio), 30 % polyester (recycl\u00e9)<\/p>\n<p>couleur : gris pierre<\/p>","protected":false},"featured_media":133865,"template":"","meta":[],"product_brand":[],"product_cat":[6430],"product_tag":[],"class_list":{"0":"post-210789","1":"product","2":"type-product","3":"status-publish","4":"has-post-thumbnail","6":"product_cat-fc-heiden","8":"first","9":"instock","10":"taxable","11":"shipping-taxable","12":"purchasable","13":"product-type-variable","14":"add-to-wishlist-before_image"},"exclude_global_add_ons":[],"addons":[],"acf":[],"_links":{"self":[{"href":"https:\/\/shop.kustom.ch\/fr\/wp-json\/wp\/v2\/product\/210789"}],"collection":[{"href":"https:\/\/shop.kustom.ch\/fr\/wp-json\/wp\/v2\/product"}],"about":[{"href":"https:\/\/shop.kustom.ch\/fr\/wp-json\/wp\/v2\/types\/product"}],"wp:featuredmedia":[{"embeddable":true,"href":"https:\/\/shop.kustom.ch\/fr\/wp-json\/wp\/v2\/media\/133865"}],"wp:attachment":[{"href":"https:\/\/shop.kustom.ch\/fr\/wp-json\/wp\/v2\/media?parent=210789"}],"wp:term":[{"taxonomy":"product_brand","embeddable":true,"href":"https:\/\/shop.kustom.ch\/fr\/wp-json\/wp\/v2\/product_brand?post=210789"},{"taxonomy":"product_cat","embeddable":true,"href":"https:\/\/shop.kustom.ch\/fr\/wp-json\/wp\/v2\/product_cat?post=210789"},{"taxonomy":"product_tag","embeddable":true,"href":"https:\/\/shop.kustom.ch\/fr\/wp-json\/wp\/v2\/product_tag?post=210789"}],"curies":[{"name":"wp","href":"https:\/\/api.w.org\/{rel}","templated":true}]}}