{"id":210769,"date":"2024-03-27T13:01:43","date_gmt":"2024-03-27T12:01:43","guid":{"rendered":"https:\/\/kustomshop.kinsta.cloud\/?post_type=product&#038;p=210769"},"modified":"2026-02-11T22:02:20","modified_gmt":"2026-02-11T21:02:20","slug":"fch-trikot-power-ka-2","status":"publish","type":"product","link":"https:\/\/shop.kustom.ch\/fr\/produit\/fch-trikot-power-ka-2\/","title":{"rendered":"FCH Maillot Power KA"},"content":{"rendered":"<p>Gr\u00e2ce \u00e0 sa fonction Keep Dry et \u00e0 sa mati\u00e8re r\u00e9sistante, le maillot Power de JAKO est ton maillot lorsqu'une haute performance est requise.<\/p>\n<p>En m\u00eame temps, le tissu en polyester recycl\u00e9 100% prot\u00e8ge du refroidissement et de l'humidit\u00e9.<\/p>\n<p>L'empi\u00e8cement contrast\u00e9 en structure nid d'abeille conf\u00e8re au maillot des d\u00e9tails dynamiques.<\/p>\n<p>De plus, le maillot Power peut \u00e9galement \u00eatre utilis\u00e9 comme maillot d'entra\u00eenement.<\/p>","protected":false},"excerpt":{"rendered":"<p>Mati\u00e8re : 100 polyester % (recycl\u00e9)<\/p>\n<p>couleur : gris pierre<\/p>","protected":false},"featured_media":133850,"template":"","meta":[],"product_brand":[],"product_cat":[6430],"product_tag":[],"class_list":{"0":"post-210769","1":"product","2":"type-product","3":"status-publish","4":"has-post-thumbnail","6":"product_cat-fc-heiden","8":"first","9":"instock","10":"taxable","11":"shipping-taxable","12":"purchasable","13":"product-type-variable","14":"add-to-wishlist-before_image"},"exclude_global_add_ons":[],"addons":[],"acf":[],"_links":{"self":[{"href":"https:\/\/shop.kustom.ch\/fr\/wp-json\/wp\/v2\/product\/210769"}],"collection":[{"href":"https:\/\/shop.kustom.ch\/fr\/wp-json\/wp\/v2\/product"}],"about":[{"href":"https:\/\/shop.kustom.ch\/fr\/wp-json\/wp\/v2\/types\/product"}],"wp:featuredmedia":[{"embeddable":true,"href":"https:\/\/shop.kustom.ch\/fr\/wp-json\/wp\/v2\/media\/133850"}],"wp:attachment":[{"href":"https:\/\/shop.kustom.ch\/fr\/wp-json\/wp\/v2\/media?parent=210769"}],"wp:term":[{"taxonomy":"product_brand","embeddable":true,"href":"https:\/\/shop.kustom.ch\/fr\/wp-json\/wp\/v2\/product_brand?post=210769"},{"taxonomy":"product_cat","embeddable":true,"href":"https:\/\/shop.kustom.ch\/fr\/wp-json\/wp\/v2\/product_cat?post=210769"},{"taxonomy":"product_tag","embeddable":true,"href":"https:\/\/shop.kustom.ch\/fr\/wp-json\/wp\/v2\/product_tag?post=210769"}],"curies":[{"name":"wp","href":"https:\/\/api.w.org\/{rel}","templated":true}]}}