{"id":210767,"date":"2024-03-27T13:01:41","date_gmt":"2024-03-27T12:01:41","guid":{"rendered":"https:\/\/kustomshop.kinsta.cloud\/?post_type=product&#038;p=210767"},"modified":"2024-03-27T13:02:03","modified_gmt":"2024-03-27T12:02:03","slug":"fch-sporttasche-jako","status":"publish","type":"product","link":"https:\/\/shop.kustom.ch\/fr\/produit\/fch-sporttasche-jako\/","title":{"rendered":"Sac de sport FCH JAKO"},"content":{"rendered":"<p>Polyester 600 D<br \/>Compartiment principal spacieux avec fermeture \u00e9clair bidirectionnelle sur le pourtour<br \/>Compartiment du fond hauteur 14 cm<br \/>poche zipp\u00e9e sur le c\u00f4t\u00e9 gauche<br \/>Poche humide profonde avec fermeture \u00e9clair sur le c\u00f4t\u00e9 droit<br \/>Petite poche int\u00e9rieure zipp\u00e9e dans le compartiment principal<\/p>\n<p>bandouli\u00e8re amovible et r\u00e9glable en taille<\/p>\n<p>100 % Polyester<\/p>","protected":false},"excerpt":{"rendered":"<p>noir<\/p>","protected":false},"featured_media":133864,"template":"","meta":[],"product_brand":[],"product_cat":[6430],"product_tag":[],"class_list":{"0":"post-210767","1":"product","2":"type-product","3":"status-publish","4":"has-post-thumbnail","6":"product_cat-fc-heiden","8":"first","9":"instock","10":"taxable","11":"shipping-taxable","12":"purchasable","13":"product-type-variable","14":"add-to-wishlist-before_image"},"exclude_global_add_ons":[],"addons":[],"acf":[],"_links":{"self":[{"href":"https:\/\/shop.kustom.ch\/fr\/wp-json\/wp\/v2\/product\/210767"}],"collection":[{"href":"https:\/\/shop.kustom.ch\/fr\/wp-json\/wp\/v2\/product"}],"about":[{"href":"https:\/\/shop.kustom.ch\/fr\/wp-json\/wp\/v2\/types\/product"}],"wp:featuredmedia":[{"embeddable":true,"href":"https:\/\/shop.kustom.ch\/fr\/wp-json\/wp\/v2\/media\/133864"}],"wp:attachment":[{"href":"https:\/\/shop.kustom.ch\/fr\/wp-json\/wp\/v2\/media?parent=210767"}],"wp:term":[{"taxonomy":"product_brand","embeddable":true,"href":"https:\/\/shop.kustom.ch\/fr\/wp-json\/wp\/v2\/product_brand?post=210767"},{"taxonomy":"product_cat","embeddable":true,"href":"https:\/\/shop.kustom.ch\/fr\/wp-json\/wp\/v2\/product_cat?post=210767"},{"taxonomy":"product_tag","embeddable":true,"href":"https:\/\/shop.kustom.ch\/fr\/wp-json\/wp\/v2\/product_tag?post=210767"}],"curies":[{"name":"wp","href":"https:\/\/api.w.org\/{rel}","templated":true}]}}