{"id":210766,"date":"2024-03-27T13:01:40","date_gmt":"2024-03-27T12:01:40","guid":{"rendered":"https:\/\/kustomshop.kinsta.cloud\/?post_type=product&#038;p=210766"},"modified":"2025-12-07T19:44:08","modified_gmt":"2025-12-07T18:44:08","slug":"fch-rucksack-challenge","status":"publish","type":"product","link":"https:\/\/shop.kustom.ch\/fr\/produit\/fch-rucksack-challenge\/","title":{"rendered":"Sac \u00e0 dos FCH Challenge"},"content":{"rendered":"<p>Grand compartiment principal avec fermeture \u00e9clair \u00e0 double sens<br \/>Polyester 600 D<br \/>Petite poche int\u00e9rieure zipp\u00e9e dans le compartiment principal<br \/>Compartiment inf\u00e9rieur s\u00e9par\u00e9 de 10 cm de haut<br \/>Sangles de transport rembourr\u00e9es<\/p>\n<p>100 % Polyester<\/p>","protected":false},"excerpt":{"rendered":"<p>gris pierre chin\u00e9<\/p>","protected":false},"featured_media":133863,"template":"","meta":[],"product_brand":[],"product_cat":[6430],"product_tag":[],"class_list":{"0":"post-210766","1":"product","2":"type-product","3":"status-publish","4":"has-post-thumbnail","6":"product_cat-fc-heiden","8":"first","9":"instock","10":"taxable","11":"shipping-taxable","12":"purchasable","13":"product-type-variable","14":"add-to-wishlist-before_image"},"exclude_global_add_ons":[],"addons":[],"acf":[],"_links":{"self":[{"href":"https:\/\/shop.kustom.ch\/fr\/wp-json\/wp\/v2\/product\/210766"}],"collection":[{"href":"https:\/\/shop.kustom.ch\/fr\/wp-json\/wp\/v2\/product"}],"about":[{"href":"https:\/\/shop.kustom.ch\/fr\/wp-json\/wp\/v2\/types\/product"}],"wp:featuredmedia":[{"embeddable":true,"href":"https:\/\/shop.kustom.ch\/fr\/wp-json\/wp\/v2\/media\/133863"}],"wp:attachment":[{"href":"https:\/\/shop.kustom.ch\/fr\/wp-json\/wp\/v2\/media?parent=210766"}],"wp:term":[{"taxonomy":"product_brand","embeddable":true,"href":"https:\/\/shop.kustom.ch\/fr\/wp-json\/wp\/v2\/product_brand?post=210766"},{"taxonomy":"product_cat","embeddable":true,"href":"https:\/\/shop.kustom.ch\/fr\/wp-json\/wp\/v2\/product_cat?post=210766"},{"taxonomy":"product_tag","embeddable":true,"href":"https:\/\/shop.kustom.ch\/fr\/wp-json\/wp\/v2\/product_tag?post=210766"}],"curies":[{"name":"wp","href":"https:\/\/api.w.org\/{rel}","templated":true}]}}