{"id":210210,"date":"2024-03-27T12:28:44","date_gmt":"2024-03-27T11:28:44","guid":{"rendered":"https:\/\/kustomshop.kinsta.cloud\/?post_type=product&#038;p=210210"},"modified":"2026-01-30T13:11:55","modified_gmt":"2026-01-30T12:11:55","slug":"vbca-rucksack-classico","status":"publish","type":"product","link":"https:\/\/shop.kustom.ch\/fr\/produit\/vbca-rucksack-classico\/","title":{"rendered":"VBCA sac \u00e0 dos Classico"},"content":{"rendered":"<p>Polyester 600 D<\/p>\n<p>Grand compartiment principal avec poche int\u00e9rieure s\u00e9par\u00e9e<\/p>\n<p>fermeture \u00e9clair \u00e0 double sens<\/p>\n<p>poche zipp\u00e9e s\u00e9par\u00e9e sur le devant avec organiseur int\u00e9gr\u00e9<\/p>\n<p>Poches lat\u00e9rales en mesh<\/p>\n<p>100 % Polyester<\/p>","protected":false},"excerpt":{"rendered":"<p>noir<\/p>","protected":false},"featured_media":133207,"template":"","meta":[],"product_brand":[],"product_cat":[6346],"product_tag":[],"class_list":{"0":"post-210210","1":"product","2":"type-product","3":"status-publish","4":"has-post-thumbnail","6":"product_cat-vbc-allschwil","8":"first","9":"instock","10":"taxable","11":"shipping-taxable","12":"purchasable","13":"product-type-variable","14":"add-to-wishlist-before_image"},"exclude_global_add_ons":[],"addons":[],"acf":[],"_links":{"self":[{"href":"https:\/\/shop.kustom.ch\/fr\/wp-json\/wp\/v2\/product\/210210"}],"collection":[{"href":"https:\/\/shop.kustom.ch\/fr\/wp-json\/wp\/v2\/product"}],"about":[{"href":"https:\/\/shop.kustom.ch\/fr\/wp-json\/wp\/v2\/types\/product"}],"wp:featuredmedia":[{"embeddable":true,"href":"https:\/\/shop.kustom.ch\/fr\/wp-json\/wp\/v2\/media\/133207"}],"wp:attachment":[{"href":"https:\/\/shop.kustom.ch\/fr\/wp-json\/wp\/v2\/media?parent=210210"}],"wp:term":[{"taxonomy":"product_brand","embeddable":true,"href":"https:\/\/shop.kustom.ch\/fr\/wp-json\/wp\/v2\/product_brand?post=210210"},{"taxonomy":"product_cat","embeddable":true,"href":"https:\/\/shop.kustom.ch\/fr\/wp-json\/wp\/v2\/product_cat?post=210210"},{"taxonomy":"product_tag","embeddable":true,"href":"https:\/\/shop.kustom.ch\/fr\/wp-json\/wp\/v2\/product_tag?post=210210"}],"curies":[{"name":"wp","href":"https:\/\/api.w.org\/{rel}","templated":true}]}}