{"id":210187,"date":"2024-03-27T12:27:43","date_gmt":"2024-03-27T11:27:43","guid":{"rendered":"https:\/\/kustomshop.kinsta.cloud\/?post_type=product&#038;p=210187"},"modified":"2026-02-02T13:51:47","modified_gmt":"2026-02-02T12:51:47","slug":"funktions-teamsport-t-shirt-unisex-kids","status":"publish","type":"product","link":"https:\/\/shop.kustom.ch\/fr\/produit\/funktions-teamsport-t-shirt-unisex-kids\/","title":{"rendered":"T-shirt fonctionnel Intro Unisex\/Kids"},"content":{"rendered":"<p>- L\u00e9ger et \u00e0 s\u00e9chage rapide<br \/>\nPolyester fonctionnel<br \/>\n- Design classique unicolore<br \/>\n- Dry Dye durable et sans eau<br \/>\nProc\u00e9d\u00e9 de coloration<br \/>\n- Poids : env. 140g\/m<\/p>\n<p>Mat\u00e9riau : polyester 100%<\/p>","protected":false},"excerpt":{"rendered":"<p>rouge<\/p>","protected":false},"featured_media":675468,"template":"","meta":[],"product_brand":[],"product_cat":[6382],"product_tag":[],"class_list":{"0":"post-210187","1":"product","2":"type-product","3":"status-publish","4":"has-post-thumbnail","6":"product_cat-vbc-andwil-arnegg","8":"first","9":"instock","10":"taxable","11":"shipping-taxable","12":"purchasable","13":"product-type-variable","14":"add-to-wishlist-before_image"},"exclude_global_add_ons":[],"addons":[],"acf":[],"_links":{"self":[{"href":"https:\/\/shop.kustom.ch\/fr\/wp-json\/wp\/v2\/product\/210187"}],"collection":[{"href":"https:\/\/shop.kustom.ch\/fr\/wp-json\/wp\/v2\/product"}],"about":[{"href":"https:\/\/shop.kustom.ch\/fr\/wp-json\/wp\/v2\/types\/product"}],"wp:featuredmedia":[{"embeddable":true,"href":"https:\/\/shop.kustom.ch\/fr\/wp-json\/wp\/v2\/media\/675468"}],"wp:attachment":[{"href":"https:\/\/shop.kustom.ch\/fr\/wp-json\/wp\/v2\/media?parent=210187"}],"wp:term":[{"taxonomy":"product_brand","embeddable":true,"href":"https:\/\/shop.kustom.ch\/fr\/wp-json\/wp\/v2\/product_brand?post=210187"},{"taxonomy":"product_cat","embeddable":true,"href":"https:\/\/shop.kustom.ch\/fr\/wp-json\/wp\/v2\/product_cat?post=210187"},{"taxonomy":"product_tag","embeddable":true,"href":"https:\/\/shop.kustom.ch\/fr\/wp-json\/wp\/v2\/product_tag?post=210187"}],"curies":[{"name":"wp","href":"https:\/\/api.w.org\/{rel}","templated":true}]}}