{"id":209996,"date":"2024-03-27T12:23:35","date_gmt":"2024-03-27T11:23:35","guid":{"rendered":"https:\/\/kustomshop.kinsta.cloud\/?post_type=product&#038;p=209996"},"modified":"2024-06-26T12:12:41","modified_gmt":"2024-06-26T11:12:41","slug":"classic-hoody-full-zip-herren","status":"publish","type":"product","link":"https:\/\/shop.kustom.ch\/fr\/produit\/classic-hoody-full-zip-herren\/","title":{"rendered":"Classic Hoody Full Zip Hommes"},"content":{"rendered":"<p>Veste sweat avec capuche. Fermeture \u00e9clair antistatique ton sur ton et poche kangourou avec compartiment suppl\u00e9mentaire pour smartphone et passage pour \u00e9couteurs Int\u00e9rieur. Bords c\u00f4te \u00e9lastiques aux manches et \u00e0 la taille<\/p>\n<p><strong>Taille recommand\u00e9e :<\/strong><\/p>\n<p><strong>Comme le pull est plut\u00f4t serr\u00e9, nous vous conseillons de prendre une taille au-dessus de votre taille habituelle.<\/strong><br \/>\n<strong>commander le v\u00eatement. Pour les enfants, nous recommandons la taille XS ou S.<\/strong><\/p>","protected":false},"excerpt":{"rendered":"<p>couleur : anthracite chin\u00e9<\/p>","protected":false},"featured_media":471254,"template":"","meta":[],"product_brand":[],"product_cat":[6388],"product_tag":[],"class_list":{"0":"post-209996","1":"product","2":"type-product","3":"status-publish","4":"has-post-thumbnail","6":"product_cat-vbc-arbon","8":"first","9":"instock","10":"taxable","11":"shipping-taxable","12":"purchasable","13":"product-type-variable","14":"add-to-wishlist-before_image"},"exclude_global_add_ons":[],"addons":[],"acf":[],"_links":{"self":[{"href":"https:\/\/shop.kustom.ch\/fr\/wp-json\/wp\/v2\/product\/209996"}],"collection":[{"href":"https:\/\/shop.kustom.ch\/fr\/wp-json\/wp\/v2\/product"}],"about":[{"href":"https:\/\/shop.kustom.ch\/fr\/wp-json\/wp\/v2\/types\/product"}],"wp:featuredmedia":[{"embeddable":true,"href":"https:\/\/shop.kustom.ch\/fr\/wp-json\/wp\/v2\/media\/471254"}],"wp:attachment":[{"href":"https:\/\/shop.kustom.ch\/fr\/wp-json\/wp\/v2\/media?parent=209996"}],"wp:term":[{"taxonomy":"product_brand","embeddable":true,"href":"https:\/\/shop.kustom.ch\/fr\/wp-json\/wp\/v2\/product_brand?post=209996"},{"taxonomy":"product_cat","embeddable":true,"href":"https:\/\/shop.kustom.ch\/fr\/wp-json\/wp\/v2\/product_cat?post=209996"},{"taxonomy":"product_tag","embeddable":true,"href":"https:\/\/shop.kustom.ch\/fr\/wp-json\/wp\/v2\/product_tag?post=209996"}],"curies":[{"name":"wp","href":"https:\/\/api.w.org\/{rel}","templated":true}]}}