{"id":209896,"date":"2024-03-27T12:04:51","date_gmt":"2024-03-27T11:04:51","guid":{"rendered":"https:\/\/kustomshop.kinsta.cloud\/?post_type=product&#038;p=209896"},"modified":"2024-06-12T11:26:28","modified_gmt":"2024-06-12T10:26:28","slug":"tvb-softshelljacke-function-kinder-bestickt","status":"publish","type":"product","link":"https:\/\/shop.kustom.ch\/fr\/produit\/tvb-softshelljacke-function-kinder-bestickt\/","title":{"rendered":"TVB Veste Softshell Function Enfants - Brod\u00e9"},"content":{"rendered":"<p>Protection respirante \u00e0 chaque mouvement.<\/p>\n<p>Membrane ERIMA-TEX\u00ae : colonne d'eau de 5.000 mm, respirabilit\u00e9 de 3.000 g\/m\u00b2\/24h, coupe-vent<\/p>\n<p>Capuche amovible<\/p>\n<p>Poches lat\u00e9rales avec fermeture \u00e9clair<\/p>\n<p>fermeture \u00e9clair \u00e9tanche sous le v\u00eatement avec protection du menton pour un confort optimal<\/p>\n<p>Poche poitrine r\u00e9fl\u00e9chissante avec fermeture \u00e9clair<\/p>\n<p>ouvertures d'a\u00e9ration zipp\u00e9es et mesh sous le bras<\/p>","protected":false},"excerpt":{"rendered":"<p><b>Le rabais est financ\u00e9 par TV Bischofszell<\/b><\/p>\n<p>couleur : noir<\/p>","protected":false},"featured_media":470719,"template":"","meta":[],"product_brand":[],"product_cat":[6371],"product_tag":[],"class_list":{"0":"post-209896","1":"product","2":"type-product","3":"status-publish","4":"has-post-thumbnail","6":"product_cat-tv-bischofszell","8":"first","9":"instock","10":"taxable","11":"shipping-taxable","12":"purchasable","13":"product-type-variable","14":"add-to-wishlist-before_image"},"exclude_global_add_ons":false,"addons":[{"name":"Finition en option","type":"checkbox","position":0,"required":false,"title_format":"label","default":"","description_enable":false,"description":"","placeholder_enable":false,"placeholder":"","display":"select","restrictions_type":"any_text","adjust_price":false,"price":"","price_type":"flat_fee","restrictions":false,"min":"0","max":"0","options":[{"label":"Leiterteam","price":"","price_type":"flat_fee","image":0,"visibility":true}],"id":1682679635}],"acf":[],"_links":{"self":[{"href":"https:\/\/shop.kustom.ch\/fr\/wp-json\/wp\/v2\/product\/209896"}],"collection":[{"href":"https:\/\/shop.kustom.ch\/fr\/wp-json\/wp\/v2\/product"}],"about":[{"href":"https:\/\/shop.kustom.ch\/fr\/wp-json\/wp\/v2\/types\/product"}],"wp:featuredmedia":[{"embeddable":true,"href":"https:\/\/shop.kustom.ch\/fr\/wp-json\/wp\/v2\/media\/470719"}],"wp:attachment":[{"href":"https:\/\/shop.kustom.ch\/fr\/wp-json\/wp\/v2\/media?parent=209896"}],"wp:term":[{"taxonomy":"product_brand","embeddable":true,"href":"https:\/\/shop.kustom.ch\/fr\/wp-json\/wp\/v2\/product_brand?post=209896"},{"taxonomy":"product_cat","embeddable":true,"href":"https:\/\/shop.kustom.ch\/fr\/wp-json\/wp\/v2\/product_cat?post=209896"},{"taxonomy":"product_tag","embeddable":true,"href":"https:\/\/shop.kustom.ch\/fr\/wp-json\/wp\/v2\/product_tag?post=209896"}],"curies":[{"name":"wp","href":"https:\/\/api.w.org\/{rel}","templated":true}]}}