{"id":209872,"date":"2024-03-27T12:04:27","date_gmt":"2024-03-27T11:04:27","guid":{"rendered":"https:\/\/kustomshop.kinsta.cloud\/?post_type=product&#038;p=209872"},"modified":"2025-07-10T13:02:54","modified_gmt":"2025-07-10T12:02:54","slug":"tvb-travel-line-rollentasche","status":"publish","type":"product","link":"https:\/\/shop.kustom.ch\/fr\/produit\/tvb-travel-line-rollentasche\/","title":{"rendered":"TVB Travel Line Sac \u00e0 roulettes"},"content":{"rendered":"<ul>\n<li>Sac \u00e0 roulettes pratique et de qualit\u00e9 pour le sport et les voyages.<\/li>\n<li>Le mat\u00e9riau ripstop de haute qualit\u00e9 emp\u00eache le sac de se d\u00e9chirer<\/li>\n<li>Design All-Black noble pour une pr\u00e9sentation \u00e9l\u00e9gante en voyage et pendant le sport<\/li>\n<li>Fond en polyester 1680D extr\u00eamement r\u00e9sistant<\/li>\n<li>Compartiment principal spacieux et poche frontale zipp\u00e9e<\/li>\n<li>Poche lat\u00e9rale avec poche humide et trous de ventilation<\/li>\n<li>Poche int\u00e9rieure int\u00e9gr\u00e9e en mesh pour les objets de valeur<\/li>\n<li>Roulettes durables avec roulement \u00e0 billes stable<\/li>\n<li>Poign\u00e9e de trolley escamotable<\/li>\n<li>S : dimensions (L x l x H) env. 55x30x30 cm<\/li>\n<li>M : dimensions (L x l x H) env. 65x35x35 cm<\/li>\n<li>S : volume d'environ 50 litres<\/li>\n<li>M : volume d'environ 80 litres<\/li>\n<\/ul>","protected":false},"excerpt":{"rendered":"<p><b>Le rabais est financ\u00e9 par TV Bischofszell<\/b><\/p>\n<p>couleur : noir<\/p>","protected":false},"featured_media":670845,"template":"","meta":[],"product_brand":[],"product_cat":[6371],"product_tag":[],"class_list":{"0":"post-209872","1":"product","2":"type-product","3":"status-publish","4":"has-post-thumbnail","6":"product_cat-tv-bischofszell","8":"first","9":"instock","10":"taxable","11":"shipping-taxable","12":"purchasable","13":"product-type-variable","14":"add-to-wishlist-before_image"},"exclude_global_add_ons":[],"addons":[],"acf":[],"_links":{"self":[{"href":"https:\/\/shop.kustom.ch\/fr\/wp-json\/wp\/v2\/product\/209872"}],"collection":[{"href":"https:\/\/shop.kustom.ch\/fr\/wp-json\/wp\/v2\/product"}],"about":[{"href":"https:\/\/shop.kustom.ch\/fr\/wp-json\/wp\/v2\/types\/product"}],"wp:featuredmedia":[{"embeddable":true,"href":"https:\/\/shop.kustom.ch\/fr\/wp-json\/wp\/v2\/media\/670845"}],"wp:attachment":[{"href":"https:\/\/shop.kustom.ch\/fr\/wp-json\/wp\/v2\/media?parent=209872"}],"wp:term":[{"taxonomy":"product_brand","embeddable":true,"href":"https:\/\/shop.kustom.ch\/fr\/wp-json\/wp\/v2\/product_brand?post=209872"},{"taxonomy":"product_cat","embeddable":true,"href":"https:\/\/shop.kustom.ch\/fr\/wp-json\/wp\/v2\/product_cat?post=209872"},{"taxonomy":"product_tag","embeddable":true,"href":"https:\/\/shop.kustom.ch\/fr\/wp-json\/wp\/v2\/product_tag?post=209872"}],"curies":[{"name":"wp","href":"https:\/\/api.w.org\/{rel}","templated":true}]}}