{"id":209852,"date":"2024-03-27T12:04:01","date_gmt":"2024-03-27T11:04:01","guid":{"rendered":"https:\/\/kustomshop.kinsta.cloud\/?post_type=product&#038;p=209852"},"modified":"2025-12-09T11:48:40","modified_gmt":"2025-12-09T10:48:40","slug":"tvb-trainingshose-mit-wadeneinsatz-2-0-herren","status":"publish","type":"product","link":"https:\/\/shop.kustom.ch\/fr\/produit\/tvb-trainingshose-mit-wadeneinsatz-2-0-herren\/","title":{"rendered":"TVB Pantalon d'entra\u00eenement avec empi\u00e8cement au mollet 2.0 Hommes"},"content":{"rendered":"<p>Libert\u00e9 de mouvement illimit\u00e9e.<br \/>\nBas de jambe avec empi\u00e8cement ajust\u00e9 au mollet et fermeture \u00e9clair<br \/>\nCoupe \u00e9troite<br \/>\nExtr\u00eamement r\u00e9sistant gr\u00e2ce \u00e0 un mat\u00e9riau en polyester robuste<br \/>\nPoches lat\u00e9rales avec fermeture \u00e9clair<\/p>","protected":false},"excerpt":{"rendered":"<p><b>Le rabais est financ\u00e9 par TV Bischofszell<\/b><\/p>\n<p>couleur : noir<\/p>","protected":false},"featured_media":675429,"template":"","meta":[],"product_brand":[],"product_cat":[6371],"product_tag":[],"class_list":{"0":"post-209852","1":"product","2":"type-product","3":"status-publish","4":"has-post-thumbnail","6":"product_cat-tv-bischofszell","8":"first","9":"instock","10":"taxable","11":"shipping-taxable","12":"purchasable","13":"product-type-variable","14":"add-to-wishlist-before_image"},"exclude_global_add_ons":[],"addons":[],"acf":[],"_links":{"self":[{"href":"https:\/\/shop.kustom.ch\/fr\/wp-json\/wp\/v2\/product\/209852"}],"collection":[{"href":"https:\/\/shop.kustom.ch\/fr\/wp-json\/wp\/v2\/product"}],"about":[{"href":"https:\/\/shop.kustom.ch\/fr\/wp-json\/wp\/v2\/types\/product"}],"wp:featuredmedia":[{"embeddable":true,"href":"https:\/\/shop.kustom.ch\/fr\/wp-json\/wp\/v2\/media\/675429"}],"wp:attachment":[{"href":"https:\/\/shop.kustom.ch\/fr\/wp-json\/wp\/v2\/media?parent=209852"}],"wp:term":[{"taxonomy":"product_brand","embeddable":true,"href":"https:\/\/shop.kustom.ch\/fr\/wp-json\/wp\/v2\/product_brand?post=209852"},{"taxonomy":"product_cat","embeddable":true,"href":"https:\/\/shop.kustom.ch\/fr\/wp-json\/wp\/v2\/product_cat?post=209852"},{"taxonomy":"product_tag","embeddable":true,"href":"https:\/\/shop.kustom.ch\/fr\/wp-json\/wp\/v2\/product_tag?post=209852"}],"curies":[{"name":"wp","href":"https:\/\/api.w.org\/{rel}","templated":true}]}}