{"id":209827,"date":"2024-03-27T12:03:35","date_gmt":"2024-03-27T11:03:35","guid":{"rendered":"https:\/\/kustomshop.kinsta.cloud\/?post_type=product&#038;p=209827"},"modified":"2025-12-09T11:54:08","modified_gmt":"2025-12-09T10:54:08","slug":"tvb-3-4-sweathose-damen","status":"publish","type":"product","link":"https:\/\/shop.kustom.ch\/fr\/produit\/tvb-3-4-sweathose-damen\/","title":{"rendered":"TVB 3\/4 pantalon sweat femme"},"content":{"rendered":"<p>Un basique solide pour les looks sportifs de loisirs.<br \/>\nMati\u00e8re l\u00e9g\u00e8re qui \u00e9vacue l'humidit\u00e9<br \/>\nFacile d'entretien et r\u00e9sistant<br \/>\nCoupe ergonomique<br \/>\nCeinture \u00e9lastique avec cordon de serrage<br \/>\nPoches lat\u00e9rales zipp\u00e9es<\/p>","protected":false},"excerpt":{"rendered":"<p><b>Le rabais est financ\u00e9 par TV Bischofszell<\/b><\/p>\n<p>couleur : noir<\/p>","protected":false},"featured_media":675445,"template":"","meta":[],"product_brand":[],"product_cat":[6371],"product_tag":[],"class_list":{"0":"post-209827","1":"product","2":"type-product","3":"status-publish","4":"has-post-thumbnail","6":"product_cat-tv-bischofszell","8":"first","9":"instock","10":"taxable","11":"shipping-taxable","12":"purchasable","13":"product-type-variable","14":"add-to-wishlist-before_image"},"exclude_global_add_ons":[],"addons":[],"acf":[],"_links":{"self":[{"href":"https:\/\/shop.kustom.ch\/fr\/wp-json\/wp\/v2\/product\/209827"}],"collection":[{"href":"https:\/\/shop.kustom.ch\/fr\/wp-json\/wp\/v2\/product"}],"about":[{"href":"https:\/\/shop.kustom.ch\/fr\/wp-json\/wp\/v2\/types\/product"}],"wp:featuredmedia":[{"embeddable":true,"href":"https:\/\/shop.kustom.ch\/fr\/wp-json\/wp\/v2\/media\/675445"}],"wp:attachment":[{"href":"https:\/\/shop.kustom.ch\/fr\/wp-json\/wp\/v2\/media?parent=209827"}],"wp:term":[{"taxonomy":"product_brand","embeddable":true,"href":"https:\/\/shop.kustom.ch\/fr\/wp-json\/wp\/v2\/product_brand?post=209827"},{"taxonomy":"product_cat","embeddable":true,"href":"https:\/\/shop.kustom.ch\/fr\/wp-json\/wp\/v2\/product_cat?post=209827"},{"taxonomy":"product_tag","embeddable":true,"href":"https:\/\/shop.kustom.ch\/fr\/wp-json\/wp\/v2\/product_tag?post=209827"}],"curies":[{"name":"wp","href":"https:\/\/api.w.org\/{rel}","templated":true}]}}