{"id":209826,"date":"2024-03-27T12:03:34","date_gmt":"2024-03-27T11:03:34","guid":{"rendered":"https:\/\/kustomshop.kinsta.cloud\/?post_type=product&#038;p=209826"},"modified":"2025-12-09T09:54:20","modified_gmt":"2025-12-09T08:54:20","slug":"tvb-six-wings-trainingstop-herren","status":"publish","type":"product","link":"https:\/\/shop.kustom.ch\/fr\/produit\/tvb-six-wings-trainingstop-herren\/","title":{"rendered":"TVB Six Wings Haut d'entra\u00eenement Hommes"},"content":{"rendered":"<p>Mat\u00e9riau fonctionnel r\u00e9sistant<\/p>\n<p>Col montant avec fermeture \u00e9clair courte<\/p>\n<p>Ourlet ouvert<\/p>\n<p>Le design de la lutte ERIMA \u00e0 l'\u00e9cole<\/p>","protected":false},"excerpt":{"rendered":"<p><b>Le rabais est financ\u00e9 par TV Bischofszell<\/b><\/p>\n<p>Couleur : curacao\/mykonos<\/p>","protected":false},"featured_media":675398,"template":"","meta":[],"product_brand":[],"product_cat":[6371],"product_tag":[],"class_list":{"0":"post-209826","1":"product","2":"type-product","3":"status-publish","4":"has-post-thumbnail","6":"product_cat-tv-bischofszell","8":"first","9":"instock","10":"taxable","11":"shipping-taxable","12":"purchasable","13":"product-type-variable","14":"add-to-wishlist-before_image"},"exclude_global_add_ons":[],"addons":[],"acf":[],"_links":{"self":[{"href":"https:\/\/shop.kustom.ch\/fr\/wp-json\/wp\/v2\/product\/209826"}],"collection":[{"href":"https:\/\/shop.kustom.ch\/fr\/wp-json\/wp\/v2\/product"}],"about":[{"href":"https:\/\/shop.kustom.ch\/fr\/wp-json\/wp\/v2\/types\/product"}],"wp:featuredmedia":[{"embeddable":true,"href":"https:\/\/shop.kustom.ch\/fr\/wp-json\/wp\/v2\/media\/675398"}],"wp:attachment":[{"href":"https:\/\/shop.kustom.ch\/fr\/wp-json\/wp\/v2\/media?parent=209826"}],"wp:term":[{"taxonomy":"product_brand","embeddable":true,"href":"https:\/\/shop.kustom.ch\/fr\/wp-json\/wp\/v2\/product_brand?post=209826"},{"taxonomy":"product_cat","embeddable":true,"href":"https:\/\/shop.kustom.ch\/fr\/wp-json\/wp\/v2\/product_cat?post=209826"},{"taxonomy":"product_tag","embeddable":true,"href":"https:\/\/shop.kustom.ch\/fr\/wp-json\/wp\/v2\/product_tag?post=209826"}],"curies":[{"name":"wp","href":"https:\/\/api.w.org\/{rel}","templated":true}]}}