{"id":209756,"date":"2024-03-27T12:02:16","date_gmt":"2024-03-27T11:02:16","guid":{"rendered":"https:\/\/kustomshop.kinsta.cloud\/?post_type=product&#038;p=209756"},"modified":"2025-12-09T08:49:11","modified_gmt":"2025-12-09T07:49:11","slug":"tvb-six-wings-trainingsjacke-kinder","status":"publish","type":"product","link":"https:\/\/shop.kustom.ch\/fr\/produit\/tvb-six-wings-trainingsjacke-kinder\/","title":{"rendered":"TVB Six Wings Veste d'entra\u00eenement enfants"},"content":{"rendered":"<p>M\u00e9lange de mati\u00e8res douces<\/p>\n<p>Cotton Touch pour un port confortable<\/p>\n<p>Col haut avec capuche<\/p>\n<p>Larges bords-c\u00f4tes aux manches et \u00e0 l'ourlet<\/p>\n<p>Poches lat\u00e9rales zipp\u00e9es<\/p>\n<p>Design ERIMA en forme de balancier sur l'\u00e9paule<\/p>","protected":false},"excerpt":{"rendered":"<p><b>Le rabais est financ\u00e9 par TV Bischofszell<\/b><\/p>\n<p>Couleur : curacao\/mykonos<\/p>","protected":false},"featured_media":675386,"template":"","meta":[],"product_brand":[],"product_cat":[6371],"product_tag":[],"class_list":{"0":"post-209756","1":"product","2":"type-product","3":"status-publish","4":"has-post-thumbnail","6":"product_cat-tv-bischofszell","8":"first","9":"instock","10":"taxable","11":"shipping-taxable","12":"purchasable","13":"product-type-variable","14":"add-to-wishlist-before_image"},"exclude_global_add_ons":false,"addons":[{"name":"Nom (facultatif)","type":"custom_text","position":0,"required":false,"title_format":"label","default":"","description_enable":false,"description":"","placeholder_enable":false,"placeholder":"","display":"select","restrictions_type":"any_text","adjust_price":false,"price":"","price_type":"flat_fee","restrictions":false,"min":"0","max":"0","options":[],"id":1682680243},{"name":"\u00c9quipe de moniteurs (facultatif)","type":"checkbox","position":1,"required":false,"title_format":"label","default":"","description_enable":false,"description":"","placeholder_enable":false,"placeholder":"","display":"select","restrictions_type":"any_text","adjust_price":false,"price":"","price_type":"flat_fee","restrictions":false,"min":"0","max":"0","options":[{"label":"Leiterteam","price":"","price_type":"flat_fee","image":0,"visibility":true}],"id":1682680244}],"acf":[],"_links":{"self":[{"href":"https:\/\/shop.kustom.ch\/fr\/wp-json\/wp\/v2\/product\/209756"}],"collection":[{"href":"https:\/\/shop.kustom.ch\/fr\/wp-json\/wp\/v2\/product"}],"about":[{"href":"https:\/\/shop.kustom.ch\/fr\/wp-json\/wp\/v2\/types\/product"}],"wp:featuredmedia":[{"embeddable":true,"href":"https:\/\/shop.kustom.ch\/fr\/wp-json\/wp\/v2\/media\/675386"}],"wp:attachment":[{"href":"https:\/\/shop.kustom.ch\/fr\/wp-json\/wp\/v2\/media?parent=209756"}],"wp:term":[{"taxonomy":"product_brand","embeddable":true,"href":"https:\/\/shop.kustom.ch\/fr\/wp-json\/wp\/v2\/product_brand?post=209756"},{"taxonomy":"product_cat","embeddable":true,"href":"https:\/\/shop.kustom.ch\/fr\/wp-json\/wp\/v2\/product_cat?post=209756"},{"taxonomy":"product_tag","embeddable":true,"href":"https:\/\/shop.kustom.ch\/fr\/wp-json\/wp\/v2\/product_tag?post=209756"}],"curies":[{"name":"wp","href":"https:\/\/api.w.org\/{rel}","templated":true}]}}