{"id":209483,"date":"2024-03-27T11:46:00","date_gmt":"2024-03-27T10:46:00","guid":{"rendered":"https:\/\/kustomshop.kinsta.cloud\/?post_type=product&#038;p=209483"},"modified":"2024-03-27T11:46:45","modified_gmt":"2024-03-27T10:46:45","slug":"craft-zaero-anorak-3-0-women","status":"publish","type":"product","link":"https:\/\/shop.kustom.ch\/fr\/produit\/craft-zaero-anorak-3-0-women\/","title":{"rendered":"Craft Zaero Anorak 3.0 Femmes"},"content":{"rendered":"<p>L'anorak Zaero 3.0 est un anorak l\u00e9ger et respirant pour l'entra\u00eenement intensif et l'\u00e9chauffement par temps humide. Ce v\u00eatement moderne est r\u00e9sistant au vent et \u00e0 l'eau et est livr\u00e9 avec une coupe ajust\u00e9e et un design \u00e9pur\u00e9 et styl\u00e9.<\/p>","protected":false},"excerpt":{"rendered":"<p>couleur : noir<\/p>","protected":false},"featured_media":131855,"template":"","meta":[],"product_brand":[],"product_cat":[6364],"product_tag":[],"class_list":{"0":"post-209483","1":"product","2":"type-product","3":"status-publish","4":"has-post-thumbnail","6":"product_cat-talent-campus","8":"first","9":"instock","10":"taxable","11":"shipping-taxable","12":"purchasable","13":"product-type-variable","14":"add-to-wishlist-before_image"},"exclude_global_add_ons":[],"addons":[],"acf":[],"_links":{"self":[{"href":"https:\/\/shop.kustom.ch\/fr\/wp-json\/wp\/v2\/product\/209483"}],"collection":[{"href":"https:\/\/shop.kustom.ch\/fr\/wp-json\/wp\/v2\/product"}],"about":[{"href":"https:\/\/shop.kustom.ch\/fr\/wp-json\/wp\/v2\/types\/product"}],"wp:featuredmedia":[{"embeddable":true,"href":"https:\/\/shop.kustom.ch\/fr\/wp-json\/wp\/v2\/media\/131855"}],"wp:attachment":[{"href":"https:\/\/shop.kustom.ch\/fr\/wp-json\/wp\/v2\/media?parent=209483"}],"wp:term":[{"taxonomy":"product_brand","embeddable":true,"href":"https:\/\/shop.kustom.ch\/fr\/wp-json\/wp\/v2\/product_brand?post=209483"},{"taxonomy":"product_cat","embeddable":true,"href":"https:\/\/shop.kustom.ch\/fr\/wp-json\/wp\/v2\/product_cat?post=209483"},{"taxonomy":"product_tag","embeddable":true,"href":"https:\/\/shop.kustom.ch\/fr\/wp-json\/wp\/v2\/product_tag?post=209483"}],"curies":[{"name":"wp","href":"https:\/\/api.w.org\/{rel}","templated":true}]}}