{"id":209157,"date":"2024-03-27T11:40:05","date_gmt":"2024-03-27T10:40:05","guid":{"rendered":"https:\/\/kustomshop.kinsta.cloud\/?post_type=product&#038;p=209157"},"modified":"2024-03-27T11:40:50","modified_gmt":"2024-03-27T10:40:50","slug":"craft-squad-jersey-solid-women","status":"publish","type":"product","link":"https:\/\/shop.kustom.ch\/fr\/produit\/craft-squad-jersey-solid-women\/","title":{"rendered":"Craft Squad Jersey Solid Women"},"content":{"rendered":"<p>Le maillot solide pour tous les matchs. La coupe d\u00e9contract\u00e9e et le tissu \u00e0 s\u00e9chage rapide procurent \u00e0 ton corps une sensation de confort \u00e0 chaque effort. La polyvalence est ici une priorit\u00e9 absolue.<\/p>","protected":false},"excerpt":{"rendered":"<p>Couleur : pop<\/p>","protected":false},"featured_media":132346,"template":"","meta":[],"product_brand":[],"product_cat":[6364],"product_tag":[],"class_list":{"0":"post-209157","1":"product","2":"type-product","3":"status-publish","4":"has-post-thumbnail","6":"product_cat-talent-campus","8":"first","9":"instock","10":"taxable","11":"shipping-taxable","12":"purchasable","13":"product-type-variable","14":"add-to-wishlist-before_image"},"exclude_global_add_ons":[],"addons":[],"acf":[],"_links":{"self":[{"href":"https:\/\/shop.kustom.ch\/fr\/wp-json\/wp\/v2\/product\/209157"}],"collection":[{"href":"https:\/\/shop.kustom.ch\/fr\/wp-json\/wp\/v2\/product"}],"about":[{"href":"https:\/\/shop.kustom.ch\/fr\/wp-json\/wp\/v2\/types\/product"}],"wp:featuredmedia":[{"embeddable":true,"href":"https:\/\/shop.kustom.ch\/fr\/wp-json\/wp\/v2\/media\/132346"}],"wp:attachment":[{"href":"https:\/\/shop.kustom.ch\/fr\/wp-json\/wp\/v2\/media?parent=209157"}],"wp:term":[{"taxonomy":"product_brand","embeddable":true,"href":"https:\/\/shop.kustom.ch\/fr\/wp-json\/wp\/v2\/product_brand?post=209157"},{"taxonomy":"product_cat","embeddable":true,"href":"https:\/\/shop.kustom.ch\/fr\/wp-json\/wp\/v2\/product_cat?post=209157"},{"taxonomy":"product_tag","embeddable":true,"href":"https:\/\/shop.kustom.ch\/fr\/wp-json\/wp\/v2\/product_tag?post=209157"}],"curies":[{"name":"wp","href":"https:\/\/api.w.org\/{rel}","templated":true}]}}