{"id":209124,"date":"2024-03-27T11:38:41","date_gmt":"2024-03-27T10:38:41","guid":{"rendered":"https:\/\/kustomshop.kinsta.cloud\/?post_type=product&#038;p=209124"},"modified":"2024-09-17T11:01:48","modified_gmt":"2024-09-17T10:01:48","slug":"sv-performance-3-4-laufhose","status":"publish","type":"product","link":"https:\/\/shop.kustom.ch\/fr\/produit\/sv-performance-3-4-laufhose\/","title":{"rendered":"Pantalon de course 3\/4 SV Performance"},"content":{"rendered":"<p>3\/4 de longueur, performance compl\u00e8te.<\/p>\n<p>Insert en mesh dans le creux du genou<\/p>\n<p>Coutures plates pour un confort optimal<\/p>\n<p>Coupe sp\u00e9ciale femme<\/p>\n<p>poche \u00e9tanche avec fermeture \u00e9clair dans le dos<\/p>\n<p>Mati\u00e8re : 90% polyester, 10% \u00e9lasthanne<\/p>\n<p>Inserts : 92% polyester, 8% \u00e9lasthanne<\/p>\n<p>Mat\u00e9riaux : 63% latex, 24% polyester, 8% polyur\u00e9thane, 5% nylon<\/p>\n<p>Tailles : 7 - 12 en demi-tailles<\/p>\n<p>Paume : 4 mm de latex Hypersoft pour une excellente adh\u00e9rence et absorption des chocs, zone d'abrasion sur la paume de la main<\/p>\n<p>Dessus de la main : Punch Zone pour un coup de poing optimal, Flex Zones et Flex Cut pour une mobilit\u00e9 maximale<\/p>\n<p>Coupe : Nouvelle coupe classique pour un ajustement confortable et une plus grande surface de r\u00e9ception, Thumb Wrap et Exterior Wrap pour un meilleur contr\u00f4le de la balle, Couches respirantes en Airmesh<\/p>\n<p>Fermeture : bandage \u00e9lastique avec bande velcro flexible \u00e0 plusieurs tours, aide \u00e0 l'entr\u00e9e et \u00e0 l'ouverture<\/p>","protected":false},"excerpt":{"rendered":"<p>noir<\/p>","protected":false},"featured_media":135507,"template":"","meta":[],"product_brand":[],"product_cat":[6450],"product_tag":[],"class_list":{"0":"post-209124","1":"product","2":"type-product","3":"status-publish","4":"has-post-thumbnail","6":"product_cat-swissvolley","8":"first","9":"instock","10":"taxable","11":"shipping-taxable","12":"purchasable","13":"product-type-variable","14":"add-to-wishlist-before_image"},"exclude_global_add_ons":[],"addons":[],"acf":[],"_links":{"self":[{"href":"https:\/\/shop.kustom.ch\/fr\/wp-json\/wp\/v2\/product\/209124"}],"collection":[{"href":"https:\/\/shop.kustom.ch\/fr\/wp-json\/wp\/v2\/product"}],"about":[{"href":"https:\/\/shop.kustom.ch\/fr\/wp-json\/wp\/v2\/types\/product"}],"wp:featuredmedia":[{"embeddable":true,"href":"https:\/\/shop.kustom.ch\/fr\/wp-json\/wp\/v2\/media\/135507"}],"wp:attachment":[{"href":"https:\/\/shop.kustom.ch\/fr\/wp-json\/wp\/v2\/media?parent=209124"}],"wp:term":[{"taxonomy":"product_brand","embeddable":true,"href":"https:\/\/shop.kustom.ch\/fr\/wp-json\/wp\/v2\/product_brand?post=209124"},{"taxonomy":"product_cat","embeddable":true,"href":"https:\/\/shop.kustom.ch\/fr\/wp-json\/wp\/v2\/product_cat?post=209124"},{"taxonomy":"product_tag","embeddable":true,"href":"https:\/\/shop.kustom.ch\/fr\/wp-json\/wp\/v2\/product_tag?post=209124"}],"curies":[{"name":"wp","href":"https:\/\/api.w.org\/{rel}","templated":true}]}}