{"id":209032,"date":"2024-03-27T11:37:04","date_gmt":"2024-03-27T10:37:04","guid":{"rendered":"https:\/\/kustomshop.kinsta.cloud\/?post_type=product&#038;p=209032"},"modified":"2025-12-25T20:10:08","modified_gmt":"2025-12-25T19:10:08","slug":"sv-club-1900-shorts","status":"publish","type":"product","link":"https:\/\/shop.kustom.ch\/fr\/produit\/sv-club-1900-shorts\/","title":{"rendered":"Short SV Club 1900"},"content":{"rendered":"<p>Le short compl\u00e8te ta tenue CLUB 1900.<\/p>\n<p>Coupe sp\u00e9ciale femme<\/p>\n<p>Mat\u00e9riau fonctionnel tr\u00e8s l\u00e9ger et \u00e0 s\u00e9chage rapide<\/p>\n<p>Traitement antistatique<\/p>\n<p>Poches lat\u00e9rales<\/p>\n<p>longueur de c\u00f4t\u00e9 dans la taille 38 : 34 cm<\/p>\n<p>Mat\u00e9riau : polyester 100%<\/p>\n<p>Mat\u00e9riau : polyester 100%<\/p>\n<p>Inserts : 100% polyester<\/p>","protected":false},"excerpt":{"rendered":"<p>noir<\/p>","protected":false},"featured_media":135494,"template":"","meta":[],"product_brand":[],"product_cat":[6450],"product_tag":[],"class_list":{"0":"post-209032","1":"product","2":"type-product","3":"status-publish","4":"has-post-thumbnail","6":"product_cat-swissvolley","8":"first","9":"instock","10":"taxable","11":"shipping-taxable","12":"purchasable","13":"product-type-variable","14":"add-to-wishlist-before_image"},"exclude_global_add_ons":[],"addons":[],"acf":[],"_links":{"self":[{"href":"https:\/\/shop.kustom.ch\/fr\/wp-json\/wp\/v2\/product\/209032"}],"collection":[{"href":"https:\/\/shop.kustom.ch\/fr\/wp-json\/wp\/v2\/product"}],"about":[{"href":"https:\/\/shop.kustom.ch\/fr\/wp-json\/wp\/v2\/types\/product"}],"wp:featuredmedia":[{"embeddable":true,"href":"https:\/\/shop.kustom.ch\/fr\/wp-json\/wp\/v2\/media\/135494"}],"wp:attachment":[{"href":"https:\/\/shop.kustom.ch\/fr\/wp-json\/wp\/v2\/media?parent=209032"}],"wp:term":[{"taxonomy":"product_brand","embeddable":true,"href":"https:\/\/shop.kustom.ch\/fr\/wp-json\/wp\/v2\/product_brand?post=209032"},{"taxonomy":"product_cat","embeddable":true,"href":"https:\/\/shop.kustom.ch\/fr\/wp-json\/wp\/v2\/product_cat?post=209032"},{"taxonomy":"product_tag","embeddable":true,"href":"https:\/\/shop.kustom.ch\/fr\/wp-json\/wp\/v2\/product_tag?post=209032"}],"curies":[{"name":"wp","href":"https:\/\/api.w.org\/{rel}","templated":true}]}}